{"id":12,"date":"2018-03-07T16:01:32","date_gmt":"2018-03-07T14:01:32","guid":{"rendered":"http:\/\/www.sipoonyrittajat.fi\/?page_id=12"},"modified":"2018-03-07T16:01:32","modified_gmt":"2018-03-07T14:01:32","slug":"toimintasuunnitelma-2018","status":"publish","type":"page","link":"http:\/\/www.sipoonyrittajat.fi\/fi\/toimintasuunnitelma-2018\/","title":{"rendered":"Toimintasuunnitelma 2018"},"content":{"rendered":"<p>Toimintasuunnitelma<\/p>\n<p>Sibbo F\u00f6retagare \u2013 Sipoon Yritt\u00e4j\u00e4t ry<\/p>\n<p>TOIMINTASUUNNITELMA 2019<\/p>\n<p>Toiminnan tarkoitus<\/p>\n<p>Sibbo F\u00f6retagare \u2013 Sipoon Yritt\u00e4j\u00e4t ry toimii Sipoossa pienten ja keskisuurten yritysten ja yritt\u00e4jien yritt\u00e4j\u00e4-, elinkeino- ja ty\u00f6nantajapoliittisena etuj\u00e4rjest\u00f6n\u00e4.<br \/>\nSipoon Yritt\u00e4j\u00e4t ry:n tarkoituksena on olla asiantuntijana ja vaikuttajana, parantaa yritt\u00e4jien ja yritysten kannattavan toiminnan edellytyksi\u00e4 Sipoossa sek\u00e4 toimia yritt\u00e4jien linkkin\u00e4 yhteyksiss\u00e4 kunnan p\u00e4\u00e4tt\u00e4jiin.<\/p>\n<p>Kokoukset<\/p>\n<p>Yhdistyksen s\u00e4\u00e4nt\u00f6m\u00e4\u00e4r\u00e4inen kev\u00e4tkokous pidet\u00e4\u00e4n maalis- huhtikuussa ja syyskokous loka-marraskuussa.<br \/>\nHallitus kokoontuu kuukausittain (ei kes\u00e4kautena).<br \/>\nHallitus kokoontuu s\u00e4\u00e4nt\u00f6jen mukaiseen kahden p\u00e4iv\u00e4n suunnitteluseminaariin syksyll\u00e4.<br \/>\nYhdistyksen edustajat osallistuvat valtakunnallisten ja alueellisten yritt\u00e4j\u00e4j\u00e4rjest\u00f6jen kokouksiin. Hallitus jatkaa hyv\u00e4\u00e4 yhteisty\u00f6t\u00e4 kunnan elinkeinop\u00e4\u00e4llik\u00f6n kanssa. Elinkeinop\u00e4\u00e4llikk\u00f6 toimii hallituksen ulkopuolisena sihteerin\u00e4 ja osallistuu kaikkiin hallituksen kokouksiin.<\/p>\n<p>Koulutus<\/p>\n<p>Yhdistys j\u00e4rjest\u00e4\u00e4 Suomen Yritt\u00e4jien ja S\u00f6dra Finlands F\u00f6retagarf\u00f6reningin kanssa koulutusta ja kurssitarjontaa<\/p>\n<p>Tiedotustoiminta<\/p>\n<p>J\u00e4sentiedotteita tapahtumakalentereineen toimitetaan s\u00e4hk\u00f6isesti. paperiversio l\u00e4hetet\u00e4\u00e4n vain sit\u00e4 pyyt\u00e4neelle. J\u00e4sentiedotteet julkaistaan my\u00f6s kotivivuillamme.<br \/>\nLehdist\u00f6tiedotteita, julkisia kannanottoja sek\u00e4 lausuntoja annetaan tarpeen mukaan.<br \/>\nVuoden Yritt\u00e4j\u00e4 \u2013valinta p\u00e4\u00e4tet\u00e4\u00e4n marraskuussa. Julkistaminen tapahtuu seuraavan vuoden tammikuussa.<br \/>\nYhdistyksen antamat tiedotteet ja lausunnot sek\u00e4 yhdistyksest\u00e4 kertovat artikkelit ker\u00e4t\u00e4\u00e4n yhdistyksen arkistoon.<\/p>\n<p>Yhteisty\u00f6<\/p>\n<p>Yhdistyksell\u00e4 on edustus Sipoon kunnan elinkeinotoimikunnassa. Toimikunnassa k\u00e4sitell\u00e4\u00e4n tarvittaessa my\u00f6s j\u00e4senist\u00f6lt\u00e4 esiin nousevia asioita.<br \/>\nYhdistys tekee kannanottoja Uudenmaan Yritt\u00e4jiin sek\u00e4 Suomen Yritt\u00e4jiin.<br \/>\nYhdistys on edustettuna Uudenmaan Yritt\u00e4jien hallituksessa ja S\u00f6dra Finlands F\u00f6retagare rf:n hallituksessa.<br \/>\nYhdistys jatkaa yhteisty\u00f6t\u00e4 YES \u2013yritt\u00e4jyyskeskuksen kanssa.<\/p>\n<p>Muu toiminta<\/p>\n<p>Nuori yritt\u00e4j\u00e4 \u2013illat uusille sipoolaisille yritt\u00e4jille<br \/>\nYritt\u00e4j\u00e4p\u00e4iv\u00e4 yhteisty\u00f6ss\u00e4 Sipoon kunnan kanssa<br \/>\nKaksi paneeli-iltaa (kev\u00e4t ja syksy)<br \/>\nEdustus Sipoon kunnan elinkeinotoimikunnassa<br \/>\nTeatteri\/Urheilu \u2013tapahtuma (kev\u00e4t ja syksy)<br \/>\n\u201dValoa ikkunassa\u201d \u2013teeman l\u00e4pivienti<\/p>\n","protected":false},"excerpt":{"rendered":"<p>Toimintasuunnitelma Sibbo F\u00f6retagare \u2013 Sipoon Yritt\u00e4j\u00e4t ry TOIMINTASUUNNITELMA 2019 Toiminnan tarkoitus Sibbo F\u00f6retagare \u2013 Sipoon Yritt\u00e4j\u00e4t ry toimii Sipoossa pienten ja keskisuurten yritysten ja yritt\u00e4jien yritt\u00e4j\u00e4-, elinkeino- ja ty\u00f6nantajapoliittisena etuj\u00e4rjest\u00f6n\u00e4. Sipoon Yritt\u00e4j\u00e4t ry:n tarkoituksena on olla asiantuntijana ja vaikuttajana, parantaa yritt\u00e4jien ja yritysten kannattavan toiminnan edellytyksi\u00e4 Sipoossa sek\u00e4 toimia yritt\u00e4jien linkkin\u00e4 yhteyksiss\u00e4 kunnan p\u00e4\u00e4tt\u00e4jiin. Kokoukset [&hellip;]<\/p>\n","protected":false},"author":1,"featured_media":0,"parent":0,"menu_order":0,"comment_status":"closed","ping_status":"closed","template":"","meta":{"_mi_skip_tracking":false,"_monsterinsights_sitenote_active":false,"_monsterinsights_sitenote_note":"","_monsterinsights_sitenote_category":0,"footnotes":""},"_links":{"self":[{"href":"http:\/\/www.sipoonyrittajat.fi\/fi\/wp-json\/wp\/v2\/pages\/12"}],"collection":[{"href":"http:\/\/www.sipoonyrittajat.fi\/fi\/wp-json\/wp\/v2\/pages"}],"about":[{"href":"http:\/\/www.sipoonyrittajat.fi\/fi\/wp-json\/wp\/v2\/types\/page"}],"author":[{"embeddable":true,"href":"http:\/\/www.sipoonyrittajat.fi\/fi\/wp-json\/wp\/v2\/users\/1"}],"replies":[{"embeddable":true,"href":"http:\/\/www.sipoonyrittajat.fi\/fi\/wp-json\/wp\/v2\/comments?post=12"}],"version-history":[{"count":1,"href":"http:\/\/www.sipoonyrittajat.fi\/fi\/wp-json\/wp\/v2\/pages\/12\/revisions"}],"predecessor-version":[{"id":13,"href":"http:\/\/www.sipoonyrittajat.fi\/fi\/wp-json\/wp\/v2\/pages\/12\/revisions\/13"}],"wp:attachment":[{"href":"http:\/\/www.sipoonyrittajat.fi\/fi\/wp-json\/wp\/v2\/media?parent=12"}],"curies":[{"name":"wp","href":"https:\/\/api.w.org\/{rel}","templated":true}]}}