{"id":167,"date":"2018-04-03T15:56:56","date_gmt":"2018-04-03T12:56:56","guid":{"rendered":"http:\/\/www.sipoonyrittajat.fi\/historia\/"},"modified":"2020-01-18T09:56:21","modified_gmt":"2020-01-18T07:56:21","slug":"historia","status":"publish","type":"page","link":"http:\/\/www.sipoonyrittajat.fi\/sv\/historia\/","title":{"rendered":"Historia"},"content":{"rendered":"<p>[et_pb_section fb_built=&#8221;1&#8243; background_color=&#8221;#44a1d5&#8243; admin_label=&#8221;Hero&#8221; _builder_version=&#8221;3.0.105&#8243; background_blend=&#8221;multiply&#8221; custom_padding=&#8221;54px|0px|54px|0px&#8221; animation_style=&#8221;zoom&#8221; animation_intensity_zoom=&#8221;4%&#8221;][et_pb_row custom_padding=&#8221;|||&#8221; bg_img_2=&#8221;http:\/\/www.sipoonyrittajat.fi\/wp-content\/uploads\/2018\/03\/business-13.jpg&#8221; parallax_2=&#8221;on&#8221; _builder_version=&#8221;3.0.83&#8243; background_size=&#8221;initial&#8221; background_position=&#8221;top_left&#8221; background_repeat=&#8221;repeat&#8221; background_blend=&#8221;multiply&#8221; animation_style=&#8221;slide&#8221; animation_direction=&#8221;top&#8221; animation_intensity_slide=&#8221;3%&#8221;][et_pb_column type=&#8221;4_4&#8243; _builder_version=&#8221;3.0.47&#8243; parallax=&#8221;off&#8221; parallax_method=&#8221;on&#8221;][et_pb_text _builder_version=&#8221;3.0.83&#8243; text_font=&#8221;||||||||&#8221; header_font=&#8221;Montserrat|700||on|||||dotted&#8221; header_font_size=&#8221;60px&#8221; header_font_size_last_edited=&#8221;off|desktop&#8221; header_text_color=&#8221;#353740&#8243; header_line_height=&#8221;1.3em&#8221; background_size=&#8221;initial&#8221; background_position=&#8221;top_left&#8221; background_repeat=&#8221;repeat&#8221; custom_margin=&#8221;|||&#8221; animation_style=&#8221;fade&#8221; locked=&#8221;off&#8221;]<\/p>\n<h1><span style=\"color: #ffffff;\">f\u00f6reningens historia<\/span><\/h1>\n<p>[\/et_pb_text][et_pb_divider show_divider=&#8221;on&#8221; divider_weight=&#8221;6px&#8221; disabled_on=&#8221;on|on|off%22&#8243; _builder_version=&#8221;3.0.105&#8243; max_width=&#8221;120px&#8221; animation_style=&#8221;slide&#8221; animation_direction=&#8221;top&#8221; animation_intensity_slide=&#8221;30%&#8221;][\/et_pb_divider][\/et_pb_column][\/et_pb_row][\/et_pb_section][et_pb_section fb_built=&#8221;1&#8243; admin_label=&#8221;Projects Section&#8221; _builder_version=&#8221;3.0.78&#8243; custom_margin=&#8221;|||&#8221; custom_padding=&#8221;110px||110px|&#8221;][et_pb_row custom_padding=&#8221;|||&#8221; custom_margin=&#8221;50px|||&#8221; padding_top_1=&#8221;0px&#8221; padding_bottom_1=&#8221;0px&#8221; admin_label=&#8221;Project 03&#8243; _builder_version=&#8221;3.0.105&#8243; background_size=&#8221;initial&#8221; background_position=&#8221;top_left&#8221; background_repeat=&#8221;repeat&#8221;][et_pb_column type=&#8221;1_2&#8243; _builder_version=&#8221;3.0.47&#8243; padding_bottom=&#8221;0px&#8221; padding_top=&#8221;0px&#8221; parallax=&#8221;off&#8221; parallax_method=&#8221;on&#8221;][et_pb_text admin_label=&#8221;Number&#8221; _builder_version=&#8221;3.0.105&#8243; text_font=&#8221;Montserrat|on|||&#8221; text_font_size=&#8221;80px&#8221; text_text_color=&#8221;#44a1d5&#8243; text_line_height=&#8221;1em&#8221; background_size=&#8221;initial&#8221; background_position=&#8221;top_left&#8221; background_repeat=&#8221;repeat&#8221; animation_style=&#8221;slide&#8221; animation_direction=&#8221;bottom&#8221; animation_intensity_slide=&#8221;20%&#8221;]<\/p>\n<h1>Ordf\u00f6rande<\/h1>\n<p>[\/et_pb_text][et_pb_text _builder_version=&#8221;3.0.105&#8243;]<\/p>\n<p>\u00a0<\/p>\n<p>1984-1985\u00a0\u00a0Knut \u00d6hman<br \/> 1986-1987\u00a0\u00a0Bj\u00f6rn Fredriksson<br \/> 1988-1992\u00a0\u00a0Rolf Bj\u00f6rkell<br \/> 1993-1996\u00a0\u00a0Gunnar Isaksson<br \/> 1997-1997\u00a0\u00a0Birger Gr\u00f6nroos<br \/> 1998-2002\u00a0\u00a0G\u00f6ran Jonsson<br \/> 2003-2006\u00a0 Birger Liljestr\u00f6m<br \/> 2007-2008\u00a0 Anja Lindberg<br \/> 2009- 2014\u00a0 Kikka Wikstr\u00f6m<br \/> 2015- 2017\u00a0 Kimmo Virtanen<br \/> 2018 &#8211;\u00a0 \u00a0 \u00a0 \u00a0 \u00a0 \u00a0Juhani Aalto<\/p>\n<p>[\/et_pb_text][\/et_pb_column][et_pb_column type=&#8221;1_2&#8243; _builder_version=&#8221;3.0.47&#8243; parallax=&#8221;off&#8221; parallax_method=&#8221;on&#8221;][et_pb_text admin_label=&#8221;Number&#8221; _builder_version=&#8221;3.0.105&#8243; text_font=&#8221;Montserrat|on|||&#8221; text_font_size=&#8221;80px&#8221; text_text_color=&#8221;#44a1d5&#8243; text_line_height=&#8221;1em&#8221; background_size=&#8221;initial&#8221; background_position=&#8221;top_left&#8221; background_repeat=&#8221;repeat&#8221; animation_style=&#8221;slide&#8221; animation_direction=&#8221;bottom&#8221; animation_intensity_slide=&#8221;20%&#8221;]<\/p>\n<h1>Hedersmedlemmar<\/h1>\n<p>[\/et_pb_text][et_pb_text _builder_version=&#8221;3.0.105&#8243;]<\/p>\n<h2><strong style=\"font-size: 14px; color: #666666;\"><br \/>Hedersordf\u00f6rande:<br \/><\/strong><strong style=\"font-size: 14px; color: #666666;\">Rolf Bj\u00f6rkell<\/strong><\/h2>\n<p><strong>Hedersmedlemmar<\/strong>:<br \/> Georg L\u00f6fman,<br \/> Henry Levander<br \/> Leila Levander<br \/> Esa Mikkola<br \/> Arja Ristim\u00e4ki<br \/> Anja Lindberg<br \/> Birger Liljestr\u00f6m<br \/> G\u00f6ran Jonsson<\/p>\n<p>[\/et_pb_text][\/et_pb_column][\/et_pb_row][et_pb_row custom_padding=&#8221;|||&#8221; custom_margin=&#8221;50px|||&#8221; padding_top_1=&#8221;0px&#8221; padding_bottom_1=&#8221;0px&#8221; admin_label=&#8221;Project 03&#8243; _builder_version=&#8221;3.0.105&#8243; background_size=&#8221;initial&#8221; background_position=&#8221;top_left&#8221; background_repeat=&#8221;repeat&#8221;][et_pb_column type=&#8221;1_2&#8243; _builder_version=&#8221;3.0.47&#8243; padding_bottom=&#8221;0px&#8221; padding_top=&#8221;0px&#8221; parallax=&#8221;off&#8221; parallax_method=&#8221;on&#8221;][et_pb_text admin_label=&#8221;Number&#8221; _builder_version=&#8221;3.0.105&#8243; text_font=&#8221;Montserrat|on|||&#8221; text_font_size=&#8221;80px&#8221; text_text_color=&#8221;#44a1d5&#8243; text_line_height=&#8221;1em&#8221; background_size=&#8221;initial&#8221; background_position=&#8221;top_left&#8221; background_repeat=&#8221;repeat&#8221; animation_style=&#8221;slide&#8221; animation_direction=&#8221;bottom&#8221; animation_intensity_slide=&#8221;20%&#8221;]<\/p>\n<h1>\u00c5rets f\u00f6retagare<\/h1>\n<p>[\/et_pb_text][et_pb_text _builder_version=&#8221;3.0.105&#8243;]<\/p>\n<p><strong><\/strong><\/p>\n<p><strong>F\u00f6ljande f\u00f6retag och f\u00f6retagare har valts till \u00e5rets f\u00f6retgare<\/strong><\/p>\n<p>1985\u00a0\u00a0Arja Ristim\u00e4ki &#8211; Arja Ristim\u00e4ki K.y.<br \/> 1986\u00a0\u00a0Matti Finni &#8211; Matti Finni Oy<br \/> 1987\u00a0\u00a0Esa Mikkola &#8211; Mik-Rip Ter\u00e4s Oy<br \/> 1988\u00a0\u00a0Mia &amp; Birger Gr\u00f6nroos &#8211; Mias bod<br \/> 1989\u00a0\u00a0Hans B\u00f6hling &#8211; Hans B\u00f6hling Kb Ky<br \/> 1990\u00a0\u00a0Ole \u00d6hman &#8211; Ole \u00d6hman Ky Kb<br \/> 1991\u00a0\u00a0Stig Lindstr\u00f6m- Lival Oy<br \/> 1992\u00a0\u00a0Gunnar Forss &#8211; Suomen Union Verpackungs Oy Ab<br \/> 1993\u00a0\u00a0Ronny Holm &#8211; Taxi<br \/> 1994\u00a0\u00a0John Hartwall &#8211; Kb K.Hartwall Ky<br \/> 1995\u00a0\u00a0Hannu Silvonen ja Kauko Juvonen &#8211; Silverprint Oy<br \/> 1996\u00a0\u00a0Eeva Virtanen &#8211; Misis Flora<br \/> 1997\u00a0\u00a0Stina Helenius &#8211; Juhlamenot Oy<br \/> 1998\u00a0\u00a0Martti Virtanen &#8211; Joensuun-tila<br \/> 1999\u00a0\u00a0Birgitta Lampenius &#8211; Pimppinella Kb Ky<br \/> 2000\u00a0\u00a0Esa ja Vesa Pihlajaniemi &#8211; Talma Ski Oy<br \/> 2001\u00a0\u00a0Eero Laukkanen &#8211; Sipoon Kodinkonekeskus Oy<br \/> 2001\u00a0\u00a0Stig Skogster &#8211; Autoilija Bilist<br \/> 2002\u00a0 Markku Peltonen &#8211; Suomi Tikas Oy<br \/> 2002\u00a0 Ilpo Paananen &#8211; Hus\u00f6n ratsastuskeskus Oy<br \/> 2003\u00a0 Guy Str\u00f6mberg &#8211; Gujaflex Oy<br \/> 2003\u00a0 Ralf Brostr\u00f6m &#8211; Malmin Bensiini Ky<br \/> 2004\u00a0 Birger Liljestr\u00f6m &#8211; Sipoon Kiinteist\u00f6nhuolto Oy<br \/> 2005\u00a0 Kikka Wikstr\u00f6m &amp; Erja Luotomaa &#8211; Palvelukoti Joenranta Oy<br \/> 2006\u00a0 Peter Blomqvist &#8211; T:mi Akkukellari<br \/> 2007 G\u00f6ran Jonsson &#8211; Jonel Kb<br \/> 2008 Markus Str\u00f6m &#8211; JMS-Nordic Oy<br \/> 2009 Patrick Lind\u00e9n, Staffan Sundman, Robin Holmberg &#8211;\u00a0<a href=\"http:\/\/www.seasongtravels.fi\/\" target=\"_blank\" rel=\"noopener\">Seasong Travels Oy <\/a><br \/> 2010 Mervi Siikasaari &#8211; Nikkil\u00e4n fysikaalinen hoitolaitos<br \/> 2011 Kimmo Virtanen &#8211; Bluenote Software Oy<br \/> 2012 Petri Mikkola &#8211; MIK-RIP Ter\u00e4s Oy<br \/> 2013 Ben och Jan Fagerstr\u00f6m &#8211;\u00a0Marino Oy Ab<br \/> 2014 Rune Packal\u00e9n &#8211; Packal\u00e9n Bus<br \/> 2015 Riitta Kuosmanen &amp;\u00a0Kosti Miinalainen &#8211; Kalkkirannan Kievari<\/p>\n<p>2016 Jarkko &amp; Satu Aarros &#8211; Aarbike Oy<\/p>\n<p>2017 Robert Lindqvist &#8211; Paipis Centralbod<\/p>\n<p>2018 Kimmo Suoninen &amp; Veijo Knuuttila &#8211; Uudenmaan Lukko Oy<\/p>\n<p>2019 Jari-Pekka Jokinen &#8211; S\u00f6der Fysio Oy<\/p>\n<p>[\/et_pb_text][\/et_pb_column][et_pb_column type=&#8221;1_2&#8243; _builder_version=&#8221;3.0.47&#8243; parallax=&#8221;off&#8221; parallax_method=&#8221;on&#8221;][et_pb_text admin_label=&#8221;Number&#8221; _builder_version=&#8221;3.0.105&#8243; text_font=&#8221;Montserrat|on|||&#8221; text_font_size=&#8221;80px&#8221; text_text_color=&#8221;#44a1d5&#8243; text_line_height=&#8221;1em&#8221; background_size=&#8221;initial&#8221; background_position=&#8221;top_left&#8221; background_repeat=&#8221;repeat&#8221; animation_style=&#8221;slide&#8221; animation_direction=&#8221;bottom&#8221; animation_intensity_slide=&#8221;20%&#8221;]<\/p>\n<h1>F\u00f6reningens standar<\/h1>\n<p>[\/et_pb_text][et_pb_text _builder_version=&#8221;3.0.105&#8243;]<\/p>\n<h2><strong style=\"font-size: 14px; color: #666666;\">\u00a0<\/strong><\/h2>\n<p><strong>F\u00f6reningens standar har utdelats till f\u00f6ljande<\/strong><\/p>\n<p>1. \u00a0 \u00a0Rolf Bj\u00f6rkell<br \/> 2. \u00a0 \u00a0Knut \u00d6hman<br \/> 3. \u00a0 \u00a0Georg L\u00f6fman<br \/> 4. \u00a0 \u00a0Leila Levander<br \/> 5. \u00a0 \u00a0Kai Laurmaa<br \/> 6. \u00a0 \u00a0Pern\u00e5 F\u00f6retagare<br \/> 7. \u00a0 \u00a0Anne Mel\u00e9n<br \/> 8. \u00a0 \u00a0Stig Skogster<br \/> 9. \u00a0 \u00a0Ellen Enroth-T\u00f6rm\u00e4<br \/> 10. \u00a0Birger Gr\u00f6nroos<br \/> 11. \u00a0Kjell-\u00c5ke Johnsson<br \/> 12. \u00a0G\u00f6ran Jonsson<br \/> 13. \u00a0Stefan Borg<br \/> 14. \u00a0Anja Lindberg<br \/> 15. \u00a0Stefan L\u00f6nnkvist<br \/> 16. \u00a0Esa Pihlajaniemi<br \/> 17. \u00a0Christian Lundstr\u00f6m<br \/> 18. \u00a0Kikka Wikstr\u00f6m<br \/> 19. Janne K\u00e4\u00e4ri\u00e4inen<\/p>\n<h2><strong style=\"font-size: 14px; color: #666666;\">\u00a0<\/strong><\/h2>\n<p>[\/et_pb_text][\/et_pb_column][\/et_pb_row][et_pb_row custom_padding=&#8221;|||&#8221; custom_margin=&#8221;50px|||&#8221; padding_top_1=&#8221;5%&#8221; padding_bottom_1=&#8221;5%&#8221; admin_label=&#8221;Project 03&#8243; _builder_version=&#8221;3.0.78&#8243; background_size=&#8221;initial&#8221; background_position=&#8221;top_left&#8221; background_repeat=&#8221;repeat&#8221;][et_pb_column type=&#8221;1_2&#8243; _builder_version=&#8221;3.0.47&#8243; padding_bottom=&#8221;5%&#8221; padding_top=&#8221;5%&#8221; parallax=&#8221;off&#8221; parallax_method=&#8221;on&#8221;][et_pb_text admin_label=&#8221;Number&#8221; _builder_version=&#8221;3.0.105&#8243; text_font=&#8221;Montserrat|on|||&#8221; text_font_size=&#8221;80px&#8221; text_text_color=&#8221;#44a1d5&#8243; text_line_height=&#8221;1em&#8221; background_size=&#8221;initial&#8221; background_position=&#8221;top_left&#8221; background_repeat=&#8221;repeat&#8221; animation_style=&#8221;slide&#8221; animation_direction=&#8221;bottom&#8221; animation_intensity_slide=&#8221;20%&#8221;]<\/p>\n<h1>\u00d6vrig historia<\/h1>\n<p>[\/et_pb_text][et_pb_text _builder_version=&#8221;3.0.105&#8243;]<\/p>\n<p><strong>\u00d6vrigt historiskt<\/strong><\/p>\n<p>1987\u00a0\u00a0Sibbos egna julgata \u00f6ppnnades<br \/> 1989\u00a0\u00a0hennes h\u00f6ghet Elisabeth prinsessa av Danmark \u00f6ppnade den f\u00f6rsta Sibbo M\u00e4ssan, 4900\u00a0bes\u00f6kare<br \/> 1990\u00a0\u00a0F\u00f6retagarna donerade den f\u00f6rst 14\u00a0m h\u00f6ga julgranen till Sockeng\u00e5rden g\u00e5rd<br \/> 1991\u00a0\u00a0Stora Byv\u00e4gen gjordes till g\u00e5gata f\u00f6r en dag<br \/> 1992\u00a0\u00a0Introduktion av stolpreklam p\u00e5 huvudlederna i kommuncentrum<br \/> 1992\u00a0 II\u00a0Sibbo M\u00e4ss\u00e4 3000\u00a0bes\u00f6kare<br \/> 1993\u00a0\u00a0Tillsammans med Rotary-klubben valdes \u00e5rets medarbetare, Barbro Hindsberg<br \/> 1996\u00a0\u00a0III Sibbo M\u00e4ssa 3000\u00a0bes\u00f6kare<br \/> 1996\u00a0\u00a0Hufvudstadsbladets chefredakt\u00f6r var p\u00e5 f\u00f6retagsbes\u00f6k i Sibbo<br \/> 2000\u00a0\u00a0IV Sibbo M\u00e4ssa ca. 4500\u00a0betalande bes\u00f6kare<br \/> 1993-1998\u00a0\u00a0h\u00f6stevenemanget Potatishestivalen arrangerades p\u00e5 Hansasbacken<br \/> 1998,1999,2001\u00a0\u00a0F\u00f6reningen arrangerade f\u00f6retagardagatr tillsammans med Sibbo kommun och Aktia Bank.<br \/> 5.12.97\u00a0\u00a0Sibbo f\u00f6retagare var med och grundade en gemenskapsf\u00f6rening i Sibbo gemenskapsf\u00f6reningens huvudsklaiga verksamhet har varit projektet Hukanpes\u00e4 -Varglyan, M\u00e4sskontoret \u00f6pnades i Varglyans lokaliteter.<\/p>\n<p><strong>Sibbo F\u00f6retagre har haft f\u00f6ljande projektanst\u00e4llda<\/strong><\/p>\n<p>1989 Anja Lindberg Sibbo M\u00e4ssa I-projektet<br \/> 1993 Kaj Lydman Profilering av Nickby centrum-projektet<br \/> 2000 \u00c5ke Rosenberg ja Matti Wiedmer Sibbo M\u00e4ssa IV<br \/> 2004 Carola S\u00e4llstr\u00f6m Sibbo M\u00e4ssa V<br \/> 2010-2012 Anja Lindberg, Sibbo M\u00e4ssa VI<\/p>\n<p>[\/et_pb_text][\/et_pb_column][et_pb_column type=&#8221;1_2&#8243; _builder_version=&#8221;3.0.47&#8243; parallax=&#8221;off&#8221; parallax_method=&#8221;on&#8221;][\/et_pb_column][\/et_pb_row][\/et_pb_section]<\/p>\n","protected":false},"excerpt":{"rendered":"<p>[et_pb_section fb_built=&#8221;1&#8243; background_color=&#8221;#44a1d5&#8243; admin_label=&#8221;Hero&#8221; _builder_version=&#8221;3.0.105&#8243; background_blend=&#8221;multiply&#8221; custom_padding=&#8221;54px|0px|54px|0px&#8221; animation_style=&#8221;zoom&#8221; animation_intensity_zoom=&#8221;4%&#8221;][et_pb_row custom_padding=&#8221;|||&#8221; bg_img_2=&#8221;http:\/\/www.sipoonyrittajat.fi\/wp-content\/uploads\/2018\/03\/business-13.jpg&#8221; parallax_2=&#8221;on&#8221; _builder_version=&#8221;3.0.83&#8243; background_size=&#8221;initial&#8221; background_position=&#8221;top_left&#8221; background_repeat=&#8221;repeat&#8221; background_blend=&#8221;multiply&#8221; animation_style=&#8221;slide&#8221; animation_direction=&#8221;top&#8221; animation_intensity_slide=&#8221;3%&#8221;][et_pb_column type=&#8221;4_4&#8243; _builder_version=&#8221;3.0.47&#8243; parallax=&#8221;off&#8221; parallax_method=&#8221;on&#8221;][et_pb_text _builder_version=&#8221;3.0.83&#8243; text_font=&#8221;||||||||&#8221; header_font=&#8221;Montserrat|700||on|||||dotted&#8221; header_font_size=&#8221;60px&#8221; header_font_size_last_edited=&#8221;off|desktop&#8221; header_text_color=&#8221;#353740&#8243; header_line_height=&#8221;1.3em&#8221; background_size=&#8221;initial&#8221; background_position=&#8221;top_left&#8221; background_repeat=&#8221;repeat&#8221; custom_margin=&#8221;|||&#8221; animation_style=&#8221;fade&#8221; locked=&#8221;off&#8221;] f\u00f6reningens historia [\/et_pb_text][et_pb_divider show_divider=&#8221;on&#8221; divider_weight=&#8221;6px&#8221; disabled_on=&#8221;on|on|off%22&#8243; _builder_version=&#8221;3.0.105&#8243; max_width=&#8221;120px&#8221; animation_style=&#8221;slide&#8221; animation_direction=&#8221;top&#8221; animation_intensity_slide=&#8221;30%&#8221;][\/et_pb_divider][\/et_pb_column][\/et_pb_row][\/et_pb_section][et_pb_section fb_built=&#8221;1&#8243; admin_label=&#8221;Projects Section&#8221; _builder_version=&#8221;3.0.78&#8243; custom_margin=&#8221;|||&#8221; custom_padding=&#8221;110px||110px|&#8221;][et_pb_row custom_padding=&#8221;|||&#8221; [&hellip;]<\/p>\n","protected":false},"author":1,"featured_media":0,"parent":0,"menu_order":0,"comment_status":"closed","ping_status":"closed","template":"","meta":{"_mi_skip_tracking":false,"_monsterinsights_sitenote_active":false,"_monsterinsights_sitenote_note":"","_monsterinsights_sitenote_category":0,"footnotes":""},"_links":{"self":[{"href":"http:\/\/www.sipoonyrittajat.fi\/sv\/wp-json\/wp\/v2\/pages\/167"}],"collection":[{"href":"http:\/\/www.sipoonyrittajat.fi\/sv\/wp-json\/wp\/v2\/pages"}],"about":[{"href":"http:\/\/www.sipoonyrittajat.fi\/sv\/wp-json\/wp\/v2\/types\/page"}],"author":[{"embeddable":true,"href":"http:\/\/www.sipoonyrittajat.fi\/sv\/wp-json\/wp\/v2\/users\/1"}],"replies":[{"embeddable":true,"href":"http:\/\/www.sipoonyrittajat.fi\/sv\/wp-json\/wp\/v2\/comments?post=167"}],"version-history":[{"count":16,"href":"http:\/\/www.sipoonyrittajat.fi\/sv\/wp-json\/wp\/v2\/pages\/167\/revisions"}],"predecessor-version":[{"id":642,"href":"http:\/\/www.sipoonyrittajat.fi\/sv\/wp-json\/wp\/v2\/pages\/167\/revisions\/642"}],"wp:attachment":[{"href":"http:\/\/www.sipoonyrittajat.fi\/sv\/wp-json\/wp\/v2\/media?parent=167"}],"curies":[{"name":"wp","href":"https:\/\/api.w.org\/{rel}","templated":true}]}}