{"id":178,"date":"2018-04-03T16:19:26","date_gmt":"2018-04-03T13:19:26","guid":{"rendered":"http:\/\/www.sipoonyrittajat.fi\/sibbo-foretagare-rf\/"},"modified":"2023-11-09T10:55:56","modified_gmt":"2023-11-09T08:55:56","slug":"sibbo-foretagare-rf","status":"publish","type":"page","link":"http:\/\/www.sipoonyrittajat.fi\/sv\/","title":{"rendered":"Sibbo F\u00f6retagare rf."},"content":{"rendered":"<p>[et_pb_section fb_built=&#8221;1&#8243; admin_label=&#8221;Hero&#8221; _builder_version=&#8221;3.0.105&#8243; custom_margin=&#8221;0px|0px|0px|0px&#8221; custom_padding=&#8221;0px|0px|0px|0px&#8221; animation_style=&#8221;zoom&#8221; animation_intensity_zoom=&#8221;4%&#8221;][et_pb_row use_custom_width=&#8221;on&#8221; width_unit=&#8221;off&#8221; custom_width_percent=&#8221;100%&#8221; use_custom_gutter=&#8221;on&#8221; gutter_width=&#8221;1&#8243; custom_padding=&#8221;0px|0px|0px|0px&#8221; custom_margin=&#8221;0px|0px|0px|0px&#8221; make_equal=&#8221;on&#8221; background_color=&#8221;#44a1d5&#8243; bg_img_2=&#8221;http:\/\/www.sipoonyrittajat.fi\/wp-content\/uploads\/2023\/11\/IMG_0933-scaled.jpg&#8221; padding_top_1=&#8221;8%&#8221; padding_right_1=&#8221;10%&#8221; padding_bottom_1=&#8221;8%&#8221; padding_left_1=&#8221;10%&#8221; padding_top_2=&#8221;0%&#8221; padding_right_2=&#8221;0%&#8221; padding_bottom_2=&#8221;0%&#8221; padding_left_2=&#8221;0%&#8221; parallax_method_2=&#8221;off&#8221; background_size_2=&#8221;cover&#8221; background_position_2=&#8221;top_center&#8221; background_repeat_2=&#8221;no-repeat&#8221; background_blend_2=&#8221;normal&#8221; _builder_version=&#8221;3.0.106&#8243; background_position=&#8221;top_left&#8221; background_repeat=&#8221;repeat&#8221; background_blend=&#8221;multiply&#8221; border_radii=&#8221;||||&#8221; border_style_all=&#8221;none&#8221; module_alignment=&#8221;center&#8221; animation_direction=&#8221;top&#8221;][et_pb_column type=&#8221;1_2&#8243; _builder_version=&#8221;3.0.47&#8243; padding_bottom=&#8221;8%&#8221; padding_left=&#8221;10%&#8221; padding_right=&#8221;10%&#8221; padding_top=&#8221;8%&#8221; parallax=&#8221;off&#8221; parallax_method=&#8221;on&#8221;][et_pb_text _builder_version=&#8221;3.0.105&#8243; text_font=&#8221;Montserrat|500||on|||||&#8221; text_font_size=&#8221;16px&#8221; text_text_color=&#8221;#353740&#8243; text_letter_spacing=&#8221;3px&#8221; background_size=&#8221;initial&#8221; background_position=&#8221;top_left&#8221; background_repeat=&#8221;repeat&#8221; custom_margin=&#8221;50px||45px|&#8221; animation_style=&#8221;slide&#8221; animation_direction=&#8221;bottom&#8221; locked=&#8221;off&#8221;]Sibbo f\u00f6retagare &#8211; f\u00f6r de lokala f\u00f6retagen[\/et_pb_text][et_pb_text _builder_version=&#8221;3.0.83&#8243; text_font=&#8221;||||||||&#8221; header_font=&#8221;Montserrat|700||on|||||&#8221; header_font_size=&#8221;60px&#8221; header_font_size_last_edited=&#8221;off|desktop&#8221; header_text_color=&#8221;#f7f7f7&#8243; header_line_height=&#8221;1.3em&#8221; background_size=&#8221;initial&#8221; background_position=&#8221;top_left&#8221; background_repeat=&#8221;repeat&#8221; custom_margin=&#8221;||40px|&#8221; animation_style=&#8221;fade&#8221; locked=&#8221;off&#8221;]<\/p>\n<h1>SIBBO<br \/>\n<span style=\"color: #353740;\">F\u00d6RETAGARE<\/span><\/h1>\n<p>[\/et_pb_text][et_pb_text _builder_version=&#8221;3.0.83&#8243; text_font=&#8221;Montserrat||||&#8221; text_font_size=&#8221;20px&#8221; text_text_color=&#8221;#353740&#8243; text_line_height=&#8221;1.8em&#8221; header_font=&#8221;||||||||&#8221; background_size=&#8221;initial&#8221; background_position=&#8221;top_left&#8221; background_repeat=&#8221;repeat&#8221; custom_margin=&#8221;||50px|&#8221; animation_style=&#8221;slide&#8221; animation_direction=&#8221;top&#8221; animation_intensity_slide=&#8221;17%&#8221; locked=&#8221;off&#8221;]<\/p>\n<div><span style=\"color: #ffffff;\">Sibbo F\u00f6retgare rf. fr\u00e4mjar de sm\u00e5- och medelstora Sibbof\u00f6retagens Intresse.\u00a0<\/span><\/div>\n<p>[\/et_pb_text][et_pb_button button_url=&#8221;https:\/\/www.yrittajat.fi\/paikallisyhdistykset\/sipoon-yrittajat\/sipoon-yrittajien-hallitus\/&#8221; button_text=&#8221;Tag kontakt&#8221; _builder_version=&#8221;3.0.106&#8243; custom_margin=&#8221;||50px|&#8221; custom_button=&#8221;on&#8221; button_text_color=&#8221;#ffffff&#8221; button_border_width=&#8221;4px&#8221; button_border_color=&#8221;#ffffff&#8221; button_border_radius=&#8221;100px&#8221; button_letter_spacing=&#8221;2px&#8221; button_font=&#8221;Montserrat|on||on|&#8221; button_icon=&#8221;%%36%%&#8221; button_text_color_hover=&#8221;#ffffff&#8221; button_bg_color_hover=&#8221;rgba(0,0,0,0)&#8221; button_border_color_hover=&#8221;#ffffff&#8221; button_letter_spacing_hover=&#8221;2px&#8221; animation_style=&#8221;fade&#8221; locked=&#8221;off&#8221;][\/et_pb_button][\/et_pb_column][et_pb_column type=&#8221;1_2&#8243; _builder_version=&#8221;3.0.47&#8243; padding_bottom=&#8221;0%&#8221; padding_left=&#8221;0%&#8221; padding_right=&#8221;0%&#8221; padding_top=&#8221;0%&#8221; bg_img=&#8221;http:\/\/www.sipoonyrittajat.fi\/wp-content\/uploads\/2023\/11\/IMG_0933-scaled.jpg&#8221; parallax=&#8221;off&#8221; parallax_method=&#8221;off&#8221; background_size=&#8221;cover&#8221; background_position=&#8221;top_center&#8221; background_repeat=&#8221;no-repeat&#8221; background_blend=&#8221;normal&#8221;][\/et_pb_column][\/et_pb_row][\/et_pb_section][et_pb_section fb_built=&#8221;1&#8243; background_color=&#8221;#f7f7f7&#8243; inner_shadow=&#8221;on&#8221; admin_label=&#8221;Latest Work Section&#8221; _builder_version=&#8221;3.0.105&#8243; custom_padding=&#8221;80px||80px|&#8221;][et_pb_row custom_margin=&#8221;||40px|&#8221; admin_label=&#8221;Service Section Title&#8221; _builder_version=&#8221;3.0.83&#8243; background_size=&#8221;initial&#8221; background_position=&#8221;top_left&#8221; background_repeat=&#8221;repeat&#8221; animation_style=&#8221;fade&#8221; animation_direction=&#8221;top&#8221; saved_tabs=&#8221;all&#8221;][et_pb_column type=&#8221;4_4&#8243; _builder_version=&#8221;3.0.47&#8243; parallax=&#8221;off&#8221; parallax_method=&#8221;on&#8221;][et_pb_text admin_label=&#8221;Title&#8221; _builder_version=&#8221;3.0.83&#8243; text_font=&#8221;Montserrat||||||||&#8221; text_font_size=&#8221;16px&#8221; text_text_color=&#8221;#747d88&#8243; text_line_height=&#8221;1.9em&#8221; header_font=&#8221;||||||||&#8221; header_2_font=&#8221;Montserrat|700||on|||||&#8221; header_2_font_size=&#8221;42px&#8221; header_2_line_height=&#8221;1.3em&#8221; background_size=&#8221;initial&#8221; background_position=&#8221;top_left&#8221; background_repeat=&#8221;repeat&#8221; text_orientation=&#8221;center&#8221; max_width=&#8221;700px&#8221; module_alignment=&#8221;center&#8221; animation_style=&#8221;slide&#8221; animation_direction=&#8221;bottom&#8221; animation_intensity_slide=&#8221;4%&#8221;]<\/p>\n<h2><strong><span style=\"font-family: inherit;\">De senaste nyheterna<\/span><\/strong><\/h2>\n<p>[\/et_pb_text][et_pb_text admin_label=&#8221;Subtitle&#8221; _builder_version=&#8221;3.0.83&#8243; text_font=&#8221;Montserrat||||&#8221; text_font_size=&#8221;16px&#8221; text_text_color=&#8221;#747d88&#8243; text_line_height=&#8221;1.8em&#8221; header_font=&#8221;||||||||&#8221; background_size=&#8221;initial&#8221; background_position=&#8221;top_left&#8221; background_repeat=&#8221;repeat&#8221; text_orientation=&#8221;center&#8221; max_width=&#8221;700px&#8221; module_alignment=&#8221;center&#8221; custom_margin=&#8221;|||&#8221; animation_style=&#8221;slide&#8221; animation_direction=&#8221;bottom&#8221; animation_delay=&#8221;100ms&#8221; animation_intensity_slide=&#8221;4%&#8221;]Se v\u00e5ra nyaste nyheter h\u00e4r eller g\u00e5 till nyhetsarkivet.[\/et_pb_text][et_pb_button button_url=&#8221;https:\/\/www.yrittajat.fi\/paikallisyhdistykset\/sipoon-yrittajat\/&#8221; button_text=&#8221;TILL V\u00c5RA NYA HEMSIDOR&#8221; button_alignment=&#8221;center&#8221; _builder_version=&#8221;3.0.106&#8243;][\/et_pb_button][\/et_pb_column][\/et_pb_row][et_pb_row _builder_version=&#8221;3.0.106&#8243;][et_pb_column type=&#8221;4_4&#8243; _builder_version=&#8221;3.0.106&#8243; parallax=&#8221;off&#8221; parallax_method=&#8221;on&#8221;][\/et_pb_column][\/et_pb_row][et_pb_row _builder_version=&#8221;3.0.105&#8243;][et_pb_column type=&#8221;4_4&#8243; _builder_version=&#8221;3.0.105&#8243; parallax=&#8221;off&#8221; parallax_method=&#8221;on&#8221;][et_pb_blog fullwidth=&#8221;off&#8221; posts_number=&#8221;4&#8243; show_more=&#8221;on&#8221; show_author=&#8221;off&#8221; show_categories=&#8221;off&#8221; offset_number=&#8221;0&#8243; _builder_version=&#8221;3.0.105&#8243;][\/et_pb_blog][\/et_pb_column][\/et_pb_row][et_pb_row _builder_version=&#8221;3.0.76&#8243; background_size=&#8221;initial&#8221; background_position=&#8221;top_left&#8221; background_repeat=&#8221;repeat&#8221;][et_pb_column type=&#8221;4_4&#8243; _builder_version=&#8221;3.0.47&#8243; parallax=&#8221;off&#8221; parallax_method=&#8221;on&#8221;][et_pb_button button_url=&#8221;http:\/\/www.sipoonyrittajat.fi\/sv\/aktuellt&#8221; button_text=&#8221;Till nyhetsarkivet&#8221; button_alignment=&#8221;center&#8221; _builder_version=&#8221;3.0.105&#8243; custom_button=&#8221;on&#8221; button_text_color=&#8221;#747d88&#8243; button_border_width=&#8221;4px&#8221; button_border_color=&#8221;#747d88&#8243; button_border_radius=&#8221;100px&#8221; button_letter_spacing=&#8221;2px&#8221; button_font=&#8221;Montserrat|on||on|&#8221; button_icon=&#8221;%%36%%&#8221; button_icon_color=&#8221;#747d88&#8243; button_text_color_hover=&#8221;#747d88&#8243; button_bg_color_hover=&#8221;rgba(0,0,0,0)&#8221; button_border_color_hover=&#8221;#747d88&#8243; button_letter_spacing_hover=&#8221;2px&#8221; animation_style=&#8221;flip&#8221; animation_direction=&#8221;right&#8221; animation_intensity_flip=&#8221;20%&#8221;][\/et_pb_button][\/et_pb_column][\/et_pb_row][\/et_pb_section][et_pb_section fb_built=&#8221;1&#8243; admin_label=&#8221;Service Section&#8221; _builder_version=&#8221;3.0.76&#8243; custom_margin=&#8221;|||&#8221; custom_padding=&#8221;110px||111px|&#8221;][et_pb_row admin_label=&#8221;Quote&#8221; _builder_version=&#8221;3.0.76&#8243; background_size=&#8221;initial&#8221; background_position=&#8221;top_left&#8221; background_repeat=&#8221;repeat&#8221;][et_pb_column type=&#8221;4_4&#8243; _builder_version=&#8221;3.0.47&#8243; parallax=&#8221;off&#8221; parallax_method=&#8221;on&#8221;][et_pb_text admin_label=&#8221;Quote&#8221; _builder_version=&#8221;3.0.82&#8243; text_font_size=&#8221;24px&#8221; text_text_color=&#8221;#747d88&#8243; text_line_height=&#8221;1.8em&#8221; background_size=&#8221;initial&#8221; background_position=&#8221;top_left&#8221; background_repeat=&#8221;repeat&#8221; text_orientation=&#8221;center&#8221; max_width=&#8221;700px&#8221; module_alignment=&#8221;center&#8221; animation_style=&#8221;flip&#8221; animation_direction=&#8221;top&#8221; animation_intensity_flip=&#8221;20%&#8221;]F\u00f6reningens syfte \u00e4r att som sakkunnig och p\u00e5verkare f\u00f6rb\u00e4ttra f\u00f6ruts\u00e4ttningarna\u00a0 f\u00f6r l\u00f6nsam f\u00f6retags- och f\u00f6retagarverksamhet i Sibbo samt att fungera som f\u00f6rbindelsel\u00e4nk mellan kommunens beslutfattare och f\u00f6retagarna.[\/et_pb_text][\/et_pb_column][\/et_pb_row][\/et_pb_section]<\/p>\n","protected":false},"excerpt":{"rendered":"<p>[et_pb_section fb_built=&#8221;1&#8243; admin_label=&#8221;Hero&#8221; _builder_version=&#8221;3.0.105&#8243; custom_margin=&#8221;0px|0px|0px|0px&#8221; custom_padding=&#8221;0px|0px|0px|0px&#8221; animation_style=&#8221;zoom&#8221; animation_intensity_zoom=&#8221;4%&#8221;][et_pb_row use_custom_width=&#8221;on&#8221; width_unit=&#8221;off&#8221; custom_width_percent=&#8221;100%&#8221; use_custom_gutter=&#8221;on&#8221; gutter_width=&#8221;1&#8243; custom_padding=&#8221;0px|0px|0px|0px&#8221; custom_margin=&#8221;0px|0px|0px|0px&#8221; make_equal=&#8221;on&#8221; background_color=&#8221;#44a1d5&#8243; bg_img_2=&#8221;http:\/\/www.sipoonyrittajat.fi\/wp-content\/uploads\/2023\/11\/IMG_0933-scaled.jpg&#8221; padding_top_1=&#8221;8%&#8221; padding_right_1=&#8221;10%&#8221; padding_bottom_1=&#8221;8%&#8221; padding_left_1=&#8221;10%&#8221; padding_top_2=&#8221;0%&#8221; padding_right_2=&#8221;0%&#8221; padding_bottom_2=&#8221;0%&#8221; padding_left_2=&#8221;0%&#8221; parallax_method_2=&#8221;off&#8221; background_size_2=&#8221;cover&#8221; background_position_2=&#8221;top_center&#8221; background_repeat_2=&#8221;no-repeat&#8221; background_blend_2=&#8221;normal&#8221; _builder_version=&#8221;3.0.106&#8243; background_position=&#8221;top_left&#8221; background_repeat=&#8221;repeat&#8221; background_blend=&#8221;multiply&#8221; border_radii=&#8221;||||&#8221; border_style_all=&#8221;none&#8221; module_alignment=&#8221;center&#8221; animation_direction=&#8221;top&#8221;][et_pb_column type=&#8221;1_2&#8243; _builder_version=&#8221;3.0.47&#8243; padding_bottom=&#8221;8%&#8221; padding_left=&#8221;10%&#8221; padding_right=&#8221;10%&#8221; padding_top=&#8221;8%&#8221; parallax=&#8221;off&#8221; parallax_method=&#8221;on&#8221;][et_pb_text _builder_version=&#8221;3.0.105&#8243; text_font=&#8221;Montserrat|500||on|||||&#8221; text_font_size=&#8221;16px&#8221; text_text_color=&#8221;#353740&#8243; text_letter_spacing=&#8221;3px&#8221; background_size=&#8221;initial&#8221; background_position=&#8221;top_left&#8221; background_repeat=&#8221;repeat&#8221; [&hellip;]<\/p>\n","protected":false},"author":1,"featured_media":0,"parent":0,"menu_order":0,"comment_status":"closed","ping_status":"closed","template":"","meta":{"_mi_skip_tracking":false,"_monsterinsights_sitenote_active":false,"_monsterinsights_sitenote_note":"","_monsterinsights_sitenote_category":0,"footnotes":""},"_links":{"self":[{"href":"http:\/\/www.sipoonyrittajat.fi\/sv\/wp-json\/wp\/v2\/pages\/178"}],"collection":[{"href":"http:\/\/www.sipoonyrittajat.fi\/sv\/wp-json\/wp\/v2\/pages"}],"about":[{"href":"http:\/\/www.sipoonyrittajat.fi\/sv\/wp-json\/wp\/v2\/types\/page"}],"author":[{"embeddable":true,"href":"http:\/\/www.sipoonyrittajat.fi\/sv\/wp-json\/wp\/v2\/users\/1"}],"replies":[{"embeddable":true,"href":"http:\/\/www.sipoonyrittajat.fi\/sv\/wp-json\/wp\/v2\/comments?post=178"}],"version-history":[{"count":49,"href":"http:\/\/www.sipoonyrittajat.fi\/sv\/wp-json\/wp\/v2\/pages\/178\/revisions"}],"predecessor-version":[{"id":893,"href":"http:\/\/www.sipoonyrittajat.fi\/sv\/wp-json\/wp\/v2\/pages\/178\/revisions\/893"}],"wp:attachment":[{"href":"http:\/\/www.sipoonyrittajat.fi\/sv\/wp-json\/wp\/v2\/media?parent=178"}],"curies":[{"name":"wp","href":"https:\/\/api.w.org\/{rel}","templated":true}]}}