{"id":265,"date":"2018-04-18T10:01:45","date_gmt":"2018-04-18T07:01:45","guid":{"rendered":"http:\/\/www.sipoonyrittajat.fi\/verksamhetsplan\/"},"modified":"2018-04-18T10:01:45","modified_gmt":"2018-04-18T07:01:45","slug":"verksamhetsplan","status":"publish","type":"page","link":"http:\/\/www.sipoonyrittajat.fi\/sv\/verksamhetsplan\/","title":{"rendered":"Verksamhetsplan"},"content":{"rendered":"<p>Verksamhetsplan<\/p>\n<p>Sibbo F\u00f6retagare \u2013 Sipoon Yritt\u00e4j\u00e4t ry<\/p>\n<p>Verksamhetsplan 2019<\/p>\n<p>Syftet med verksamheten<\/p>\n<p>Sibbo F\u00f6retagare \u2013 Sipoon Yritt\u00e4j\u00e4t ry\u00a0 fr\u00e4mjar de sm\u00e5- och medelstora f\u00f6retagens intresse. Sibbo F\u00f6retagare rf:s syfte \u00e4r att som sakkunnig och p\u00e5verkare f\u00f6rb\u00e4ttra f\u00f6ruts\u00e4ttningarna\u00a0 f\u00f6r l\u00f6nsam f\u00f6retags- och f\u00f6retagarverksamhet i Sibbo samt att fungera som f\u00f6rbindelsel\u00e4nk mellan kommunens beslutfattare och f\u00f6retagarna.<\/p>\n<p>&nbsp;<\/p>\n<p><strong>M\u00f6ten<\/strong><\/p>\n<p>F\u00f6reningens v\u00e5rm\u00f6te h\u00e5lls i mars-april och h\u00f6stm\u00f6te oktober-november. Styrelsen har mote varje m\u00e5nad (ej under sommaren). Styrelsen samlas f\u00f6r ett tv\u00e5 dagars planeringsseminarium p\u00e5 h\u00f6sten. F\u00f6reningens representanter deltar i riksomfattande och lokala f\u00f6retagarf\u00f6reningars m\u00f6ten. Kommunens n\u00e4ringschef fungerar som skereterare och deltar i alla styrelsem\u00f6ten.<\/p>\n<p><strong>Utbildning<\/strong><\/p>\n<p>F\u00f6reningen arrangerar utbildningar och kurser tillsamman med Finlands F\u00f6retagare och S\u00f6dra Finlands F\u00f6retagarf\u00f6ering.<\/p>\n<p><strong>Informationsverksamhet<\/strong><\/p>\n<p>Sibbo F\u00f6retagare informerar sina medlemmar om aktuella \u00e4mnen och fungerar som kommmunikationskanal\u00a0 mellan\u00a0 Sibbo kommun och f\u00f6retagarna. Medlemsbrev med evenemangskalendrar levereras elektroniskt. Pappersversion skickas enbart till medlemmar som bett om det. Medlemsbrev publiceras \u00e4ven p\u00e5 Sibbo F\u00f6retagares n\u00e4tsida.<\/p>\n<p>&nbsp;<\/p>\n<p>Pressmeddelanden och offentliga utl\u00e5tanden ges vid behov. \u00c5rets F\u00f6retagare v\u00e4ljs p\u00e5 h\u00f6stm\u00f6tet och publiceras f\u00f6ljande januari. F\u00f6reningens utl\u00e5tanden och pressmeddelanden samt artiklar som behandlar f\u00f6reningen samlas i f\u00f6reningens arkiv.<\/p>\n<p><strong>Samarbete<\/strong><\/p>\n<p>F\u00f6reningen representeras i Sibbo kommuns n\u00e4ringskommit\u00e9. Komit\u00e9n behandlar vid behov \u00e4mnen som lyfts upp av f\u00f6reningens medlemmar. F\u00f6reningen ger utl\u00e5tanden \u00e5t Nylands f\u00f6retagare och Finlands f\u00f6retagare. F\u00f6reningen \u00e4r representerad i styrelsen f\u00f6r Nylands F\u00f6retagare och S\u00f6dra Finlands F\u00f6retagare rf:s styrelse. F\u00f6reningen samarbetar med YES-f\u00f6retagarcentralen.<\/p>\n<p><strong>\u00d6vrig verksamet<\/strong><\/p>\n<p>Ung f\u00f6retagare\u2013kv\u00e4llar f\u00f6r nya sibbof\u00f6retagare<br \/>\nF\u00f6retagardagar i samarbete med Sibbo kommun<br \/>\nTv\u00e5 panelkv\u00e4llar (v\u00e5r och h\u00f6st)<br \/>\nRepresentant i Sibbo kommuns n\u00e4ringskomitt\u00e9<br \/>\nTeater\/sport \u2013evenemang (v\u00e5r och h\u00f6st)<br \/>\nGenomf\u00f6rande av temat \u201dLjus i f\u00f6nstret&#8221;<\/p>\n","protected":false},"excerpt":{"rendered":"<p>Verksamhetsplan Sibbo F\u00f6retagare \u2013 Sipoon Yritt\u00e4j\u00e4t ry Verksamhetsplan 2019 Syftet med verksamheten Sibbo F\u00f6retagare \u2013 Sipoon Yritt\u00e4j\u00e4t ry\u00a0 fr\u00e4mjar de sm\u00e5- och medelstora f\u00f6retagens intresse. Sibbo F\u00f6retagare rf:s syfte \u00e4r att som sakkunnig och p\u00e5verkare f\u00f6rb\u00e4ttra f\u00f6ruts\u00e4ttningarna\u00a0 f\u00f6r l\u00f6nsam f\u00f6retags- och f\u00f6retagarverksamhet i Sibbo samt att fungera som f\u00f6rbindelsel\u00e4nk mellan kommunens beslutfattare och f\u00f6retagarna. &nbsp; [&hellip;]<\/p>\n","protected":false},"author":1,"featured_media":0,"parent":0,"menu_order":0,"comment_status":"closed","ping_status":"closed","template":"","meta":{"_mi_skip_tracking":false,"_monsterinsights_sitenote_active":false,"_monsterinsights_sitenote_note":"","_monsterinsights_sitenote_category":0,"footnotes":""},"_links":{"self":[{"href":"http:\/\/www.sipoonyrittajat.fi\/sv\/wp-json\/wp\/v2\/pages\/265"}],"collection":[{"href":"http:\/\/www.sipoonyrittajat.fi\/sv\/wp-json\/wp\/v2\/pages"}],"about":[{"href":"http:\/\/www.sipoonyrittajat.fi\/sv\/wp-json\/wp\/v2\/types\/page"}],"author":[{"embeddable":true,"href":"http:\/\/www.sipoonyrittajat.fi\/sv\/wp-json\/wp\/v2\/users\/1"}],"replies":[{"embeddable":true,"href":"http:\/\/www.sipoonyrittajat.fi\/sv\/wp-json\/wp\/v2\/comments?post=265"}],"version-history":[{"count":0,"href":"http:\/\/www.sipoonyrittajat.fi\/sv\/wp-json\/wp\/v2\/pages\/265\/revisions"}],"wp:attachment":[{"href":"http:\/\/www.sipoonyrittajat.fi\/sv\/wp-json\/wp\/v2\/media?parent=265"}],"curies":[{"name":"wp","href":"https:\/\/api.w.org\/{rel}","templated":true}]}}