{"id":567,"date":"2019-08-21T14:25:18","date_gmt":"2019-08-21T11:25:18","guid":{"rendered":"http:\/\/www.sipoonyrittajat.fi\/foreningen\/bli-medlem\/"},"modified":"2019-08-21T14:59:37","modified_gmt":"2019-08-21T11:59:37","slug":"bli-medlem","status":"publish","type":"page","link":"http:\/\/www.sipoonyrittajat.fi\/sv\/foreningen\/bli-medlem\/","title":{"rendered":"Bli medlem"},"content":{"rendered":"<p>[et_pb_section fb_built=&#8221;1&#8243; _builder_version=&#8221;3.0.47&#8243;][et_pb_row _builder_version=&#8221;3.0.47&#8243; background_size=&#8221;initial&#8221; background_position=&#8221;top_left&#8221; background_repeat=&#8221;repeat&#8221;][et_pb_column type=&#8221;1_2&#8243; _builder_version=&#8221;3.0.106&#8243; parallax=&#8221;off&#8221; parallax_method=&#8221;on&#8221;][et_pb_text _builder_version=&#8221;3.0.106&#8243;]<\/p>\n<p>Du kan bli medlem i Sibbo F\u00f6retagare genom att ansluta dig till F\u00f6retagarna i Finland och v\u00e4lja Sibbo F\u00f6retagare rf &#8211; Sipooon Yritt\u00e4j\u00e4t ry som lokalf\u00f6rening<\/p>\n<p>Att ansluta sig g\u00e5r smidigt via l\u00e4nken h\u00e4r:<\/p>\n<p><a title=\"Bli medlem\" href=\"https:\/\/www.yrittajat.fi\/sv\/liity#\" target=\"_blank\" rel=\"noopener noreferrer\">www.yrittajat.fi\/<\/a><\/p>\n<p>[\/et_pb_text][\/et_pb_column][et_pb_column type=&#8221;1_2&#8243; _builder_version=&#8221;3.0.106&#8243; parallax=&#8221;off&#8221; parallax_method=&#8221;on&#8221;][\/et_pb_column][\/et_pb_row][\/et_pb_section]<\/p>\n","protected":false},"excerpt":{"rendered":"<p>[et_pb_section fb_built=&#8221;1&#8243; _builder_version=&#8221;3.0.47&#8243;][et_pb_row _builder_version=&#8221;3.0.47&#8243; background_size=&#8221;initial&#8221; background_position=&#8221;top_left&#8221; background_repeat=&#8221;repeat&#8221;][et_pb_column type=&#8221;1_2&#8243; _builder_version=&#8221;3.0.106&#8243; parallax=&#8221;off&#8221; parallax_method=&#8221;on&#8221;][et_pb_text _builder_version=&#8221;3.0.106&#8243;] Du kan bli medlem i Sibbo F\u00f6retagare genom att ansluta dig till F\u00f6retagarna i Finland och v\u00e4lja Sibbo F\u00f6retagare rf &#8211; Sipooon Yritt\u00e4j\u00e4t ry som lokalf\u00f6rening Att ansluta sig g\u00e5r smidigt via l\u00e4nken h\u00e4r: www.yrittajat.fi\/ [\/et_pb_text][\/et_pb_column][et_pb_column type=&#8221;1_2&#8243; _builder_version=&#8221;3.0.106&#8243; parallax=&#8221;off&#8221; parallax_method=&#8221;on&#8221;][\/et_pb_column][\/et_pb_row][\/et_pb_section]<\/p>\n","protected":false},"author":1,"featured_media":0,"parent":268,"menu_order":0,"comment_status":"closed","ping_status":"closed","template":"","meta":{"_mi_skip_tracking":false,"_monsterinsights_sitenote_active":false,"_monsterinsights_sitenote_note":"","_monsterinsights_sitenote_category":0,"footnotes":""},"_links":{"self":[{"href":"http:\/\/www.sipoonyrittajat.fi\/sv\/wp-json\/wp\/v2\/pages\/567"}],"collection":[{"href":"http:\/\/www.sipoonyrittajat.fi\/sv\/wp-json\/wp\/v2\/pages"}],"about":[{"href":"http:\/\/www.sipoonyrittajat.fi\/sv\/wp-json\/wp\/v2\/types\/page"}],"author":[{"embeddable":true,"href":"http:\/\/www.sipoonyrittajat.fi\/sv\/wp-json\/wp\/v2\/users\/1"}],"replies":[{"embeddable":true,"href":"http:\/\/www.sipoonyrittajat.fi\/sv\/wp-json\/wp\/v2\/comments?post=567"}],"version-history":[{"count":7,"href":"http:\/\/www.sipoonyrittajat.fi\/sv\/wp-json\/wp\/v2\/pages\/567\/revisions"}],"predecessor-version":[{"id":575,"href":"http:\/\/www.sipoonyrittajat.fi\/sv\/wp-json\/wp\/v2\/pages\/567\/revisions\/575"}],"up":[{"embeddable":true,"href":"http:\/\/www.sipoonyrittajat.fi\/sv\/wp-json\/wp\/v2\/pages\/268"}],"wp:attachment":[{"href":"http:\/\/www.sipoonyrittajat.fi\/sv\/wp-json\/wp\/v2\/media?parent=567"}],"curies":[{"name":"wp","href":"https:\/\/api.w.org\/{rel}","templated":true}]}}