{"id":14,"date":"2018-03-07T16:24:16","date_gmt":"2018-03-07T14:24:16","guid":{"rendered":"http:\/\/www.sipoonyrittajat.fi\/?page_id=14"},"modified":"2018-11-30T17:22:34","modified_gmt":"2018-11-30T15:22:34","slug":"yhdistys","status":"publish","type":"page","link":"https:\/\/www.sipoonyrittajat.fi\/fi\/yhdistys\/","title":{"rendered":"Yhdistys"},"content":{"rendered":"<p>[et_pb_section fb_built=&#8221;1&#8243; background_color=&#8221;#44a1d5&#8243; admin_label=&#8221;Page Header&#8221; _builder_version=&#8221;3.0.105&#8243; background_blend=&#8221;multiply&#8221; custom_padding=&#8221;|||&#8221; animation_style=&#8221;zoom&#8221; animation_intensity_zoom=&#8221;4%&#8221;][et_pb_row custom_padding=&#8221;|||&#8221; bg_img_2=&#8221;http:\/\/www.sipoonyrittajat.fi\/wp-content\/uploads\/2018\/03\/business-13.jpg&#8221; parallax_2=&#8221;on&#8221; _builder_version=&#8221;3.0.83&#8243; background_size=&#8221;initial&#8221; background_position=&#8221;top_left&#8221; background_repeat=&#8221;repeat&#8221; background_blend=&#8221;multiply&#8221; animation_style=&#8221;slide&#8221; animation_direction=&#8221;top&#8221; animation_intensity_slide=&#8221;3%&#8221;][et_pb_column type=&#8221;4_4&#8243; _builder_version=&#8221;3.0.47&#8243; parallax=&#8221;off&#8221; parallax_method=&#8221;on&#8221;][et_pb_text _builder_version=&#8221;3.0.83&#8243; text_font=&#8221;||||||||&#8221; header_font=&#8221;Montserrat|700||on|||||dotted&#8221; header_font_size=&#8221;60px&#8221; header_font_size_last_edited=&#8221;off|desktop&#8221; header_text_color=&#8221;#353740&#8243; header_line_height=&#8221;1.3em&#8221; background_size=&#8221;initial&#8221; background_position=&#8221;top_left&#8221; background_repeat=&#8221;repeat&#8221; custom_margin=&#8221;|||&#8221; animation_style=&#8221;fade&#8221; locked=&#8221;off&#8221;]<\/p>\n<h1><span style=\"color: #ffffff;\">Yhdistys<\/span><\/h1>\n<p>[\/et_pb_text][et_pb_divider show_divider=&#8221;on&#8221; divider_weight=&#8221;6px&#8221; disabled_on=&#8221;on|on|off&#8221; _builder_version=&#8221;3.0.105&#8243; max_width=&#8221;120px&#8221; animation_style=&#8221;slide&#8221; animation_direction=&#8221;top&#8221; animation_intensity_slide=&#8221;30%&#8221;][\/et_pb_divider][\/et_pb_column][\/et_pb_row][\/et_pb_section][et_pb_section fb_built=&#8221;1&#8243; admin_label=&#8221;About Us Section&#8221; _builder_version=&#8221;3.0.105&#8243; background_image=&#8221;http:\/\/www.sipoonyrittajat.fi\/wp-content\/uploads\/2018\/03\/iso_kylatie_sipoon_yrittajat.jpg&#8221; custom_margin=&#8221;|5%||5%&#8221; custom_margin_phone=&#8221;|0px||0px&#8221; custom_margin_last_edited=&#8221;on|phone&#8221; custom_padding=&#8221;10%||54px|&#8221; animation_style=&#8221;zoom&#8221; animation_direction=&#8221;top&#8221; animation_intensity_zoom=&#8221;5%&#8221; box_shadow_style=&#8221;preset7&#8243; box_shadow_horizontal=&#8221;0px&#8221; box_shadow_vertical=&#8221;-200px&#8221; box_shadow_color=&#8221;#ffffff&#8221;][et_pb_row custom_padding=&#8221;27px|0px|0px|0px&#8221; admin_label=&#8221;About Us Area&#8221; _builder_version=&#8221;3.0.83&#8243; background_size=&#8221;initial&#8221; background_position=&#8221;top_left&#8221; background_repeat=&#8221;repeat&#8221;][et_pb_column type=&#8221;2_3&#8243; _builder_version=&#8221;3.0.47&#8243; parallax=&#8221;off&#8221; parallax_method=&#8221;on&#8221;][et_pb_text admin_label=&#8221;Title&#8221; _builder_version=&#8221;3.0.83&#8243; text_font=&#8221;Montserrat||||||||&#8221; text_font_size=&#8221;16px&#8221; text_text_color=&#8221;#747d88&#8243; text_line_height=&#8221;1.9em&#8221; header_font=&#8221;||||||||&#8221; header_text_align=&#8221;left&#8221; header_2_font=&#8221;Montserrat|700||on|||||&#8221; header_2_font_size=&#8221;42px&#8221; header_2_line_height=&#8221;1.3em&#8221; background_color=&#8221;#f7f7f7&#8243; background_size=&#8221;initial&#8221; background_position=&#8221;top_left&#8221; background_repeat=&#8221;repeat&#8221; max_width=&#8221;700px&#8221; module_alignment=&#8221;left&#8221; custom_margin=&#8221;|||&#8221; custom_padding=&#8221;10%|10%|10%|10%&#8221; animation_style=&#8221;slide&#8221; animation_direction=&#8221;bottom&#8221; animation_intensity_slide=&#8221;4%&#8221; animation_starting_opacity=&#8221;100%&#8221; box_shadow_style=&#8221;preset1&#8243; box_shadow_vertical=&#8221;15px&#8221; box_shadow_blur=&#8221;45px&#8221; box_shadow_color=&#8221;rgba(0,0,0,0.15)&#8221; locked=&#8221;off&#8221;]<\/p>\n<h2>sipoon yritt\u00e4j\u00e4t<\/h2>\n<p><span style=\"font-size: 16px;\">Sipoon Yritt\u00e4j\u00e4t ry. toimii Sipoossa toimivien pienten ja keskisuurten yritysten ja yritt\u00e4jien edunvalvojana. Yhdistyksen tarkoituksena on olla asiantuntijana ja vaikuttajana, parantaa yritysten ja yritt\u00e4jien kannattavan toiminnan edellytyksi\u00e4 Sipoossa sek\u00e4 toimia yritt\u00e4jien linkkin\u00e4 yhteyksiss\u00e4 kunnan p\u00e4\u00e4tt\u00e4jiin.<\/span><\/p>\n<p>[\/et_pb_text][\/et_pb_column][et_pb_column type=&#8221;1_3&#8243; _builder_version=&#8221;3.0.47&#8243; parallax=&#8221;off&#8221; parallax_method=&#8221;on&#8221;][\/et_pb_column][\/et_pb_row][\/et_pb_section][et_pb_section fb_built=&#8221;1&#8243; _builder_version=&#8221;3.0.105&#8243;][et_pb_row _builder_version=&#8221;3.0.105&#8243;][et_pb_column type=&#8221;1_2&#8243; _builder_version=&#8221;3.0.105&#8243; parallax=&#8221;off&#8221; parallax_method=&#8221;on&#8221;][et_pb_text _builder_version=&#8221;3.0.105&#8243;]<\/p>\n<h1>Yhteisty\u00f6<\/h1>\n<p>Teemme kannanottoja Uudenmaan Yritt\u00e4jiin ja Suomen Yritt\u00e4jiin.Lis\u00e4\u00e4mme yhteisty\u00f6t\u00e4 naapurikuntien yritt\u00e4j\u00e4yhdistysten kanssa sek\u00e4 j\u00e4rjest\u00e4mme heid\u00e4n kanssaan tapaamisia.Yhdistys on edustettuna, Uudenmaan Yritt\u00e4jien hallituksessa, S\u00f6dra Finlands F\u00f6retagare r.f:n hallituksessa sek\u00e4 Sipoon Kumppanuusyhdistyksess\u00e4.Teemme yhteisty\u00f6t\u00e4 Yes-yritt\u00e4jyyskasvatuskeskuksen kanssa.<\/p>\n<p>[\/et_pb_text][\/et_pb_column][et_pb_column type=&#8221;1_2&#8243; _builder_version=&#8221;3.0.105&#8243; parallax=&#8221;off&#8221; parallax_method=&#8221;on&#8221;][et_pb_text _builder_version=&#8221;3.0.105&#8243;]<\/p>\n<div>\n<h1>Tiedotustoiminta<\/h1>\n<p>&nbsp;<\/p>\n<p>J\u00e4sentiedotteita toimitetaan toimintavuoden aikana ja ne julkaistaan my\u00f6s kotisivullamme. J\u00e4sentiedote l\u00e4hetet\u00e4\u00e4n j\u00e4senille s\u00e4hk\u00f6isesti, paperinen tiedote jaetaan vain sit\u00e4 erikseen pyyt\u00e4ville j\u00e4senille.<\/p>\n<\/div>\n<div><\/div>\n<div>Lehdist\u00f6tiedotteita, julkisia kannanottoja sek\u00e4 lausuntoja annetaan tarpeen mukaan.<\/div>\n<div>Valinta \u201dVuoden Yritt\u00e4j\u00e4st\u00e4 \u201d Sipoossa julkistetaan marraskuussa.<\/div>\n<div>Toimitamme aineistoa Sipoon Sanomien Yritt\u00e4j\u00e4kalenteriin.<\/div>\n<div>Yhdistyksen antamat tiedotteet ja lausunnot sek\u00e4 yhdistyksest\u00e4 kertovat artikkelit ker\u00e4t\u00e4\u00e4n yhdistyksen arkistoon.<\/div>\n<p>[\/et_pb_text][\/et_pb_column][\/et_pb_row][et_pb_row _builder_version=&#8221;3.0.105&#8243;][et_pb_column type=&#8221;1_2&#8243; _builder_version=&#8221;3.0.105&#8243; parallax=&#8221;off&#8221; parallax_method=&#8221;on&#8221;][et_pb_text _builder_version=&#8221;3.0.105&#8243;]<\/p>\n<div>\n<h1>J\u00e4senten koulutus<\/h1>\n<p>&nbsp;<\/p>\n<p>J\u00e4senill\u00e4 on k\u00e4ytett\u00e4viss\u00e4 Suomen Yritt\u00e4jien ja S\u00f6dra Finlands F\u00f6retagarf\u00f6reningenin<\/p>\n<\/div>\n<div>kurssitarjonta.<\/div>\n<p>[\/et_pb_text][\/et_pb_column][et_pb_column type=&#8221;1_2&#8243; _builder_version=&#8221;3.0.105&#8243; parallax=&#8221;off&#8221; parallax_method=&#8221;on&#8221;][et_pb_text _builder_version=&#8221;3.0.105&#8243;]<\/p>\n<div>\n<h1>Yhdistyksen kokoukset<strong><br \/>\n<\/strong><\/h1>\n<p>&nbsp;<\/p>\n<p>Yhdistyksen s\u00e4\u00e4nt\u00f6m\u00e4\u00e4r\u00e4inen kev\u00e4tkokous pidet\u00e4\u00e4n maalis-huhtikuussa ja syyskokous loka-marraskuussa.<\/p>\n<\/div>\n<div>Hallitus kokoontuu kuukausittain (paitsi kes\u00e4kuukaudet) sek\u00e4 tarvittaessa.<\/div>\n<div>Yhdistyksen edustajat osallistuvat valtakunnallisten ja alueellisten yritt\u00e4j\u00e4j\u00e4rjest\u00f6jen kokouksiin. Hallituksen\u00a0kokousten lis\u00e4ksi\u00a0j\u00e4rjestet\u00e4\u00e4n j\u00e4senille yhteisi\u00e4 tilaisuuksia \u2013 l\u00e4hinn\u00e4 virkistykseen liittyvi\u00e4 tilaisuuksia sek\u00e4 yritysvierailuita.<\/div>\n<p>[\/et_pb_text][\/et_pb_column][\/et_pb_row][\/et_pb_section]<\/p>\n","protected":false},"excerpt":{"rendered":"<p>[et_pb_section fb_built=&#8221;1&#8243; background_color=&#8221;#44a1d5&#8243; admin_label=&#8221;Page Header&#8221; _builder_version=&#8221;3.0.105&#8243; background_blend=&#8221;multiply&#8221; custom_padding=&#8221;|||&#8221; animation_style=&#8221;zoom&#8221; animation_intensity_zoom=&#8221;4%&#8221;][et_pb_row custom_padding=&#8221;|||&#8221; bg_img_2=&#8221;http:\/\/www.sipoonyrittajat.fi\/wp-content\/uploads\/2018\/03\/business-13.jpg&#8221; parallax_2=&#8221;on&#8221; _builder_version=&#8221;3.0.83&#8243; background_size=&#8221;initial&#8221; background_position=&#8221;top_left&#8221; background_repeat=&#8221;repeat&#8221; background_blend=&#8221;multiply&#8221; animation_style=&#8221;slide&#8221; animation_direction=&#8221;top&#8221; animation_intensity_slide=&#8221;3%&#8221;][et_pb_column type=&#8221;4_4&#8243; _builder_version=&#8221;3.0.47&#8243; parallax=&#8221;off&#8221; parallax_method=&#8221;on&#8221;][et_pb_text _builder_version=&#8221;3.0.83&#8243; text_font=&#8221;||||||||&#8221; header_font=&#8221;Montserrat|700||on|||||dotted&#8221; header_font_size=&#8221;60px&#8221; header_font_size_last_edited=&#8221;off|desktop&#8221; header_text_color=&#8221;#353740&#8243; header_line_height=&#8221;1.3em&#8221; background_size=&#8221;initial&#8221; background_position=&#8221;top_left&#8221; background_repeat=&#8221;repeat&#8221; custom_margin=&#8221;|||&#8221; animation_style=&#8221;fade&#8221; locked=&#8221;off&#8221;] Yhdistys [\/et_pb_text][et_pb_divider show_divider=&#8221;on&#8221; divider_weight=&#8221;6px&#8221; disabled_on=&#8221;on|on|off&#8221; _builder_version=&#8221;3.0.105&#8243; max_width=&#8221;120px&#8221; animation_style=&#8221;slide&#8221; animation_direction=&#8221;top&#8221; animation_intensity_slide=&#8221;30%&#8221;][\/et_pb_divider][\/et_pb_column][\/et_pb_row][\/et_pb_section][et_pb_section fb_built=&#8221;1&#8243; admin_label=&#8221;About Us Section&#8221; _builder_version=&#8221;3.0.105&#8243; background_image=&#8221;http:\/\/www.sipoonyrittajat.fi\/wp-content\/uploads\/2018\/03\/iso_kylatie_sipoon_yrittajat.jpg&#8221; custom_margin=&#8221;|5%||5%&#8221; [&hellip;]<\/p>\n","protected":false},"author":1,"featured_media":0,"parent":0,"menu_order":0,"comment_status":"closed","ping_status":"closed","template":"","meta":{"_mi_skip_tracking":false,"_monsterinsights_sitenote_active":false,"_monsterinsights_sitenote_note":"","_monsterinsights_sitenote_category":0,"footnotes":""},"_links":{"self":[{"href":"https:\/\/www.sipoonyrittajat.fi\/fi\/wp-json\/wp\/v2\/pages\/14"}],"collection":[{"href":"https:\/\/www.sipoonyrittajat.fi\/fi\/wp-json\/wp\/v2\/pages"}],"about":[{"href":"https:\/\/www.sipoonyrittajat.fi\/fi\/wp-json\/wp\/v2\/types\/page"}],"author":[{"embeddable":true,"href":"https:\/\/www.sipoonyrittajat.fi\/fi\/wp-json\/wp\/v2\/users\/1"}],"replies":[{"embeddable":true,"href":"https:\/\/www.sipoonyrittajat.fi\/fi\/wp-json\/wp\/v2\/comments?post=14"}],"version-history":[{"count":8,"href":"https:\/\/www.sipoonyrittajat.fi\/fi\/wp-json\/wp\/v2\/pages\/14\/revisions"}],"predecessor-version":[{"id":505,"href":"https:\/\/www.sipoonyrittajat.fi\/fi\/wp-json\/wp\/v2\/pages\/14\/revisions\/505"}],"wp:attachment":[{"href":"https:\/\/www.sipoonyrittajat.fi\/fi\/wp-json\/wp\/v2\/media?parent=14"}],"curies":[{"name":"wp","href":"https:\/\/api.w.org\/{rel}","templated":true}]}}