{"id":20,"date":"2018-03-07T16:41:59","date_gmt":"2018-03-07T14:41:59","guid":{"rendered":"http:\/\/www.sipoonyrittajat.fi\/?page_id=20"},"modified":"2022-01-12T11:41:38","modified_gmt":"2022-01-12T09:41:38","slug":"hallitus-2020","status":"publish","type":"page","link":"https:\/\/www.sipoonyrittajat.fi\/fi\/hallitus-2020\/","title":{"rendered":"Hallitus 2020"},"content":{"rendered":"<p>[et_pb_section fb_built=&#8221;1&#8243; background_color=&#8221;#44a1d5&#8243; admin_label=&#8221;Hero&#8221; _builder_version=&#8221;3.0.105&#8243; background_blend=&#8221;multiply&#8221; custom_padding=&#8221;|||&#8221; animation_style=&#8221;zoom&#8221; animation_intensity_zoom=&#8221;4%&#8221;][et_pb_row custom_padding=&#8221;|||&#8221; bg_img_2=&#8221;http:\/\/www.sipoonyrittajat.fi\/wp-content\/uploads\/2018\/03\/business-13.jpg&#8221; parallax_2=&#8221;on&#8221; _builder_version=&#8221;3.0.106&#8243; background_size=&#8221;initial&#8221; background_position=&#8221;top_left&#8221; background_repeat=&#8221;repeat&#8221; background_blend=&#8221;multiply&#8221; animation_style=&#8221;slide&#8221; animation_direction=&#8221;top&#8221; animation_intensity_slide=&#8221;3%&#8221;][et_pb_column type=&#8221;4_4&#8243; _builder_version=&#8221;3.0.47&#8243; parallax=&#8221;off&#8221; parallax_method=&#8221;on&#8221;][et_pb_text _builder_version=&#8221;3.0.83&#8243; text_font=&#8221;||||||||&#8221; header_font=&#8221;Montserrat|700||on|||||dotted&#8221; header_font_size=&#8221;60px&#8221; header_font_size_last_edited=&#8221;off|desktop&#8221; header_text_color=&#8221;#353740&#8243; header_line_height=&#8221;1.3em&#8221; background_size=&#8221;initial&#8221; background_position=&#8221;top_left&#8221; background_repeat=&#8221;repeat&#8221; custom_margin=&#8221;|||&#8221; animation_style=&#8221;fade&#8221; locked=&#8221;off&#8221;]<\/p>\n<h1><span style=\"color: #ffffff;\">Hallitus\u00a0<\/span><\/h1>\n<p>[\/et_pb_text][et_pb_divider show_divider=&#8221;on&#8221; divider_weight=&#8221;6px&#8221; disabled_on=&#8221;on|on|off%22&#8243; _builder_version=&#8221;3.0.105&#8243; max_width=&#8221;120px&#8221; animation_style=&#8221;slide&#8221; animation_direction=&#8221;top&#8221; animation_intensity_slide=&#8221;30%&#8221;][\/et_pb_divider][\/et_pb_column][\/et_pb_row][\/et_pb_section][et_pb_section fb_built=&#8221;1&#8243; admin_label=&#8221;Projects Section&#8221; _builder_version=&#8221;3.0.78&#8243; custom_margin=&#8221;|||&#8221; custom_padding=&#8221;110px||110px|&#8221;][et_pb_row custom_padding=&#8221;|||&#8221; padding_top_1=&#8221;5%&#8221; padding_bottom_1=&#8221;5%&#8221; admin_label=&#8221;Project 01&#8243; _builder_version=&#8221;3.0.78&#8243; background_size=&#8221;initial&#8221; background_position=&#8221;top_left&#8221; background_repeat=&#8221;repeat&#8221;][et_pb_column type=&#8221;1_2&#8243; _builder_version=&#8221;3.0.47&#8243; padding_bottom=&#8221;5%&#8221; padding_top=&#8221;5%&#8221; parallax=&#8221;off&#8221; parallax_method=&#8221;on&#8221;][et_pb_text admin_label=&#8221;Number&#8221; _builder_version=&#8221;3.0.106&#8243; text_font=&#8221;Montserrat|on|||&#8221; text_font_size=&#8221;80px&#8221; text_text_color=&#8221;#fcd21d&#8221; text_line_height=&#8221;1em&#8221; background_size=&#8221;initial&#8221; background_position=&#8221;top_left&#8221; background_repeat=&#8221;repeat&#8221; animation_style=&#8221;slide&#8221; animation_direction=&#8221;bottom&#8221; animation_intensity_slide=&#8221;20%&#8221;]<\/p>\n<h2>Hallituksen puheenjohtaja<\/h2>\n<h1><\/h1>\n<h1><span style=\"color: #44a1d5;\">Juhani Aalto<\/span><\/h1>\n<h5><\/h5>\n<h5>Arkkitehtitoimisto Juhani Aalto<\/h5>\n<h5>Iso Kyl\u00e4tie 43,\u00a004130 SIPOO<\/h5>\n<h5>Puh. +358-9-234 4984,<\/h5>\n<h5>GSM +358-400-997 597<\/h5>\n<h5>S-Posti: juhani.aalto (at) arkja.fi<\/h5>\n<p>[\/et_pb_text][\/et_pb_column][et_pb_column type=&#8221;1_2&#8243; _builder_version=&#8221;3.0.47&#8243; parallax=&#8221;off&#8221; parallax_method=&#8221;on&#8221;][et_pb_image src=&#8221;http:\/\/www.sipoonyrittajat.fi\/wp-content\/uploads\/2018\/05\/8822.jpg&#8221; _builder_version=&#8221;3.0.106&#8243; animation_style=&#8221;slide&#8221; animation_direction=&#8221;right&#8221; animation_intensity_slide=&#8221;10%&#8221; animation_starting_opacity=&#8221;100%&#8221;][\/et_pb_image][\/et_pb_column][\/et_pb_row][et_pb_row custom_padding=&#8221;|||&#8221; custom_margin=&#8221;50px|||&#8221; padding_top_2=&#8221;5%&#8221; padding_bottom_2=&#8221;5%&#8221; admin_label=&#8221;Project 02&#8243; _builder_version=&#8221;3.0.78&#8243; background_size=&#8221;initial&#8221; background_position=&#8221;top_left&#8221; background_repeat=&#8221;repeat&#8221;][et_pb_column type=&#8221;1_2&#8243; _builder_version=&#8221;3.0.47&#8243; parallax=&#8221;off&#8221; parallax_method=&#8221;on&#8221;][et_pb_image src=&#8221;http:\/\/www.sipoonyrittajat.fi\/wp-content\/uploads\/2018\/05\/8690.jpg&#8221; _builder_version=&#8221;3.0.106&#8243; animation_style=&#8221;slide&#8221; animation_direction=&#8221;left&#8221; animation_intensity_slide=&#8221;10%&#8221; animation_starting_opacity=&#8221;100%&#8221;][\/et_pb_image][\/et_pb_column][et_pb_column type=&#8221;1_2&#8243; _builder_version=&#8221;3.0.47&#8243; padding_bottom=&#8221;5%&#8221; padding_top=&#8221;5%&#8221; parallax=&#8221;off&#8221; parallax_method=&#8221;on&#8221;][et_pb_text admin_label=&#8221;Number&#8221; _builder_version=&#8221;3.0.106&#8243; text_font=&#8221;Montserrat|on|||&#8221; text_font_size=&#8221;80px&#8221; text_text_color=&#8221;#fcd21d&#8221; text_line_height=&#8221;1em&#8221; background_size=&#8221;initial&#8221; background_position=&#8221;top_left&#8221; background_repeat=&#8221;repeat&#8221; animation_style=&#8221;slide&#8221; animation_direction=&#8221;bottom&#8221; animation_intensity_slide=&#8221;20%&#8221;]<\/p>\n<h2>Hallituksen j\u00e4sen<\/h2>\n<h1><span style=\"color: #44a1d5;\">Kenneth Udd<\/span><\/h1>\n<h5><\/h5>\n<h5>Konsultti<\/h5>\n<h5>Kenneth Udd Oy<\/h5>\n<h5>Puistikkotie 5 B 17, 04130 Sipoo<\/h5>\n<h5>Puh. +358-(0)40-5830070<\/h5>\n<h5>Puh. +358-(0)50-5011014<\/h5>\n<h5>S-Posti: kenneth.udd (at) elisanet.fi<\/h5>\n<h5>S-Posti: kenneth.udd (at) yrityskaupat.net<\/h5>\n<h5><a href=\"http:\/\/www.yrityskaupat.net\/\" target=\"_blank\" rel=\"noopener\">www.yrityskaupat.net<\/a><\/h5>\n<p>[\/et_pb_text][\/et_pb_column][\/et_pb_row][et_pb_row custom_padding=&#8221;|||&#8221; padding_top_1=&#8221;5%&#8221; padding_bottom_1=&#8221;5%&#8221; admin_label=&#8221;Project 01&#8243; _builder_version=&#8221;3.0.78&#8243; background_size=&#8221;initial&#8221; background_position=&#8221;top_left&#8221; background_repeat=&#8221;repeat&#8221;][et_pb_column type=&#8221;1_2&#8243; _builder_version=&#8221;3.0.47&#8243; padding_bottom=&#8221;5%&#8221; padding_top=&#8221;5%&#8221; parallax=&#8221;off&#8221; parallax_method=&#8221;on&#8221;][et_pb_text admin_label=&#8221;Number&#8221; _builder_version=&#8221;3.0.106&#8243; text_font=&#8221;Montserrat|on|||&#8221; text_font_size=&#8221;80px&#8221; text_text_color=&#8221;#fcd21d&#8221; text_line_height=&#8221;1em&#8221; background_size=&#8221;initial&#8221; background_position=&#8221;top_left&#8221; background_repeat=&#8221;repeat&#8221; animation_style=&#8221;slide&#8221; animation_direction=&#8221;bottom&#8221; animation_intensity_slide=&#8221;20%&#8221;]<\/p>\n<h2>Hallituksen j\u00e4sen<\/h2>\n<h1><\/h1>\n<h1><span style=\"color: #44a1d5;\">Miina Aalto<\/span><\/h1>\n<h5><\/h5>\n<h5>Sipoon Autovaraosa<\/h5>\n<h5>S-Posti: info (at) sipoonautovaraosa.fi<\/h5>\n<h5><a href=\"http:\/\/www.sipoonautovaraosa.fi\/\" target=\"_blank\" rel=\"noopener\">www.sipoonautovaraosa.fi<\/a><\/h5>\n<p>[\/et_pb_text][\/et_pb_column][et_pb_column type=&#8221;1_2&#8243; _builder_version=&#8221;3.0.47&#8243; parallax=&#8221;off&#8221; parallax_method=&#8221;on&#8221;][et_pb_image src=&#8221;http:\/\/www.sipoonyrittajat.fi\/wp-content\/uploads\/2018\/05\/8622.jpg&#8221; _builder_version=&#8221;3.0.106&#8243; max_width=&#8221;74%&#8221; animation_style=&#8221;slide&#8221; animation_direction=&#8221;right&#8221; animation_intensity_slide=&#8221;10%&#8221; animation_starting_opacity=&#8221;100%&#8221;][\/et_pb_image][\/et_pb_column][\/et_pb_row][et_pb_row custom_padding=&#8221;|||&#8221; custom_margin=&#8221;50px|||&#8221; padding_top_2=&#8221;5%&#8221; padding_bottom_2=&#8221;5%&#8221; admin_label=&#8221;Project 02&#8243; _builder_version=&#8221;3.0.78&#8243; background_size=&#8221;initial&#8221; background_position=&#8221;top_left&#8221; background_repeat=&#8221;repeat&#8221;][et_pb_column type=&#8221;1_2&#8243; _builder_version=&#8221;3.0.47&#8243; parallax=&#8221;off&#8221; parallax_method=&#8221;on&#8221;][et_pb_image src=&#8221;http:\/\/www.sipoonyrittajat.fi\/wp-content\/uploads\/2020\/03\/sipoonsyke080sp.jpg&#8221; _builder_version=&#8221;3.0.106&#8243; max_width=&#8221;74%&#8221; animation_style=&#8221;slide&#8221; animation_direction=&#8221;right&#8221; animation_intensity_slide=&#8221;10%&#8221; animation_starting_opacity=&#8221;100%&#8221;][\/et_pb_image][\/et_pb_column][et_pb_column type=&#8221;1_2&#8243; _builder_version=&#8221;3.0.47&#8243; padding_bottom=&#8221;5%&#8221; padding_top=&#8221;5%&#8221; parallax=&#8221;off&#8221; parallax_method=&#8221;on&#8221;][et_pb_text admin_label=&#8221;Number&#8221; _builder_version=&#8221;3.0.106&#8243; text_font=&#8221;Montserrat|on|||&#8221; text_font_size=&#8221;80px&#8221; text_text_color=&#8221;#fcd21d&#8221; text_line_height=&#8221;1em&#8221; background_size=&#8221;initial&#8221; background_position=&#8221;top_left&#8221; background_repeat=&#8221;repeat&#8221; animation_style=&#8221;slide&#8221; animation_direction=&#8221;bottom&#8221; animation_intensity_slide=&#8221;20%&#8221;]<\/p>\n<h2>Hallituksen j\u00e4sen<\/h2>\n<h1><span style=\"color: #44a1d5;\">Jeanette Broman<\/span><\/h1>\n<h5><\/h5>\n<h5>Sipoon Syke Oy Ab<\/h5>\n<h5>S-Posti:nette(at)sipoonsyke.fi<\/h5>\n<h5><\/h5>\n<p>[\/et_pb_text][\/et_pb_column][\/et_pb_row][et_pb_row custom_padding=&#8221;|||&#8221; padding_top_1=&#8221;5%&#8221; padding_bottom_1=&#8221;5%&#8221; admin_label=&#8221;Project 01&#8243; _builder_version=&#8221;3.0.78&#8243; background_size=&#8221;initial&#8221; background_position=&#8221;top_left&#8221; background_repeat=&#8221;repeat&#8221;][et_pb_column type=&#8221;1_2&#8243; _builder_version=&#8221;3.0.47&#8243; padding_bottom=&#8221;5%&#8221; padding_top=&#8221;5%&#8221; parallax=&#8221;off&#8221; parallax_method=&#8221;on&#8221;][et_pb_text admin_label=&#8221;Number&#8221; _builder_version=&#8221;3.0.106&#8243; text_font=&#8221;Montserrat|on|||&#8221; text_font_size=&#8221;80px&#8221; text_text_color=&#8221;#fcd21d&#8221; text_line_height=&#8221;1em&#8221; background_size=&#8221;initial&#8221; background_position=&#8221;top_left&#8221; background_repeat=&#8221;repeat&#8221; animation_style=&#8221;slide&#8221; animation_direction=&#8221;bottom&#8221; animation_intensity_slide=&#8221;20%&#8221;]<\/p>\n<h2>Hallituksen j\u00e4sen<\/h2>\n<h1><\/h1>\n<h1><span style=\"color: #44a1d5;\">Rune Packal\u00e9n<\/span><\/h1>\n<h5><\/h5>\n<h5>Packal\u00e9n Bus<\/h5>\n<h5>Puh. +358-50-3376997<\/h5>\n<h5>S-Posti: info (at) packalenbus.fi<\/h5>\n<h5><a href=\"https:\/\/packalenbus.fi\" target=\"_blank\" rel=\"noopener\">https:\/\/packalenbus.fi<\/a><\/h5>\n<p>[\/et_pb_text][\/et_pb_column][et_pb_column type=&#8221;1_2&#8243; _builder_version=&#8221;3.0.47&#8243; parallax=&#8221;off&#8221; parallax_method=&#8221;on&#8221;][et_pb_image src=&#8221;http:\/\/www.sipoonyrittajat.fi\/wp-content\/uploads\/2018\/05\/8721.jpg&#8221; _builder_version=&#8221;3.0.106&#8243; max_width=&#8221;74%&#8221; animation_style=&#8221;slide&#8221; animation_direction=&#8221;right&#8221; animation_intensity_slide=&#8221;10%&#8221; animation_starting_opacity=&#8221;100%&#8221;][\/et_pb_image][\/et_pb_column][\/et_pb_row][et_pb_row custom_padding=&#8221;|||&#8221; custom_margin=&#8221;50px|||&#8221; padding_top_2=&#8221;5%&#8221; padding_bottom_2=&#8221;5%&#8221; admin_label=&#8221;Project 02&#8243; _builder_version=&#8221;3.0.78&#8243; background_size=&#8221;initial&#8221; background_position=&#8221;top_left&#8221; background_repeat=&#8221;repeat&#8221;][et_pb_column type=&#8221;1_2&#8243; _builder_version=&#8221;3.0.47&#8243; parallax=&#8221;off&#8221; parallax_method=&#8221;on&#8221;][et_pb_image src=&#8221;http:\/\/www.sipoonyrittajat.fi\/wp-content\/uploads\/2018\/05\/8764-1.jpg&#8221; _builder_version=&#8221;3.0.106&#8243; max_width=&#8221;74%&#8221; animation_style=&#8221;slide&#8221; animation_direction=&#8221;right&#8221; animation_intensity_slide=&#8221;10%&#8221; animation_starting_opacity=&#8221;100%&#8221;][\/et_pb_image][\/et_pb_column][et_pb_column type=&#8221;1_2&#8243; _builder_version=&#8221;3.0.47&#8243; padding_bottom=&#8221;5%&#8221; padding_top=&#8221;5%&#8221; parallax=&#8221;off&#8221; parallax_method=&#8221;on&#8221;][et_pb_text admin_label=&#8221;Number&#8221; _builder_version=&#8221;3.0.106&#8243; text_font=&#8221;Montserrat|on|||&#8221; text_font_size=&#8221;80px&#8221; text_text_color=&#8221;#fcd21d&#8221; text_line_height=&#8221;1em&#8221; background_size=&#8221;initial&#8221; background_position=&#8221;top_left&#8221; background_repeat=&#8221;repeat&#8221; animation_style=&#8221;slide&#8221; animation_direction=&#8221;bottom&#8221; animation_intensity_slide=&#8221;20%&#8221;]<\/p>\n<h2>Hallituksen j\u00e4sen<\/h2>\n<h1><span style=\"color: #44a1d5;\">Magnus Lindroos<\/span><\/h1>\n<h5><\/h5>\n<h5>Ab Sovibox Oy<\/h5>\n<h5>Puh. +358-400-422 905<\/h5>\n<h5>S-Posti: magnus.lindroos (at) sovibox.fi<\/h5>\n<h5><a href=\"http:\/\/www.sovibox.fi\" target=\"_blank\" rel=\"noopener\">www.sovibox.fi<\/a><\/h5>\n<p>[\/et_pb_text][\/et_pb_column][\/et_pb_row][et_pb_row custom_padding=&#8221;|||&#8221; padding_top_1=&#8221;5%&#8221; padding_bottom_1=&#8221;5%&#8221; admin_label=&#8221;Project 01&#8243; _builder_version=&#8221;3.0.78&#8243; background_size=&#8221;initial&#8221; background_position=&#8221;top_left&#8221; background_repeat=&#8221;repeat&#8221;][et_pb_column type=&#8221;1_2&#8243; _builder_version=&#8221;3.0.47&#8243; padding_bottom=&#8221;5%&#8221; padding_top=&#8221;5%&#8221; parallax=&#8221;off&#8221; parallax_method=&#8221;on&#8221;][et_pb_text admin_label=&#8221;Number&#8221; _builder_version=&#8221;3.0.106&#8243; text_font=&#8221;Montserrat|on|||&#8221; text_font_size=&#8221;80px&#8221; text_text_color=&#8221;#fcd21d&#8221; text_line_height=&#8221;1em&#8221; background_size=&#8221;initial&#8221; background_position=&#8221;top_left&#8221; background_repeat=&#8221;repeat&#8221; animation_style=&#8221;slide&#8221; animation_direction=&#8221;bottom&#8221; animation_intensity_slide=&#8221;20%&#8221;]<\/p>\n<h2>Hallituksen j\u00e4sen<\/h2>\n<h1><\/h1>\n<h1><span style=\"color: #44a1d5;\">Eino Hyttinen<\/span><\/h1>\n<h5><\/h5>\n<h5><\/h5>\n<p>[\/et_pb_text][\/et_pb_column][et_pb_column type=&#8221;1_2&#8243; _builder_version=&#8221;3.0.47&#8243; parallax=&#8221;off&#8221; parallax_method=&#8221;on&#8221;][et_pb_image src=&#8221;http:\/\/www.sipoonyrittajat.fi\/wp-content\/uploads\/2018\/04\/placeholder-sipoonyrittajat.jpg&#8221; _builder_version=&#8221;3.0.106&#8243; max_width=&#8221;74%&#8221; animation_style=&#8221;slide&#8221; animation_direction=&#8221;right&#8221; animation_intensity_slide=&#8221;10%&#8221; animation_starting_opacity=&#8221;100%&#8221;][\/et_pb_image][\/et_pb_column][\/et_pb_row][et_pb_row custom_padding=&#8221;|||&#8221; custom_margin=&#8221;50px|||&#8221; padding_top_2=&#8221;5%&#8221; padding_bottom_2=&#8221;5%&#8221; admin_label=&#8221;Project 02&#8243; _builder_version=&#8221;3.0.78&#8243; background_size=&#8221;initial&#8221; background_position=&#8221;top_left&#8221; background_repeat=&#8221;repeat&#8221;][et_pb_column type=&#8221;1_2&#8243; _builder_version=&#8221;3.0.47&#8243; parallax=&#8221;off&#8221; parallax_method=&#8221;on&#8221;][et_pb_image src=&#8221;http:\/\/www.sipoonyrittajat.fi\/wp-content\/uploads\/2018\/05\/8650.jpg&#8221; _builder_version=&#8221;3.0.106&#8243; max_width=&#8221;74%&#8221; animation_style=&#8221;slide&#8221; animation_direction=&#8221;right&#8221; animation_intensity_slide=&#8221;10%&#8221; animation_starting_opacity=&#8221;100%&#8221;][\/et_pb_image][\/et_pb_column][et_pb_column type=&#8221;1_2&#8243; _builder_version=&#8221;3.0.47&#8243; padding_bottom=&#8221;5%&#8221; padding_top=&#8221;5%&#8221; parallax=&#8221;off&#8221; parallax_method=&#8221;on&#8221;][et_pb_text admin_label=&#8221;Number&#8221; _builder_version=&#8221;3.0.106&#8243; text_font=&#8221;Montserrat|on|||&#8221; text_font_size=&#8221;80px&#8221; text_text_color=&#8221;#fcd21d&#8221; text_line_height=&#8221;1em&#8221; background_size=&#8221;initial&#8221; background_position=&#8221;top_left&#8221; background_repeat=&#8221;repeat&#8221; animation_style=&#8221;slide&#8221; animation_direction=&#8221;bottom&#8221; animation_intensity_slide=&#8221;20%&#8221;]<\/p>\n<h2>Hallituksen j\u00e4sen<\/h2>\n<h1><span style=\"color: #44a1d5;\">Kosti Miinalainen<\/span><\/h1>\n<h5><\/h5>\n<h5>S\u00f6derkullan Kartano<\/h5>\n<h5>S-Posti: kosti (at) soderkulla.fi<\/h5>\n<h5><a href=\"http:\/\/www.soderkulla.fi\/\" target=\"_blank\" rel=\"noopener\">www.soderkulla.fi<\/a><\/h5>\n<p>[\/et_pb_text][\/et_pb_column][\/et_pb_row][et_pb_row custom_padding=&#8221;|||&#8221; padding_top_1=&#8221;5%&#8221; padding_bottom_1=&#8221;5%&#8221; admin_label=&#8221;Project 01&#8243; _builder_version=&#8221;3.0.78&#8243; background_size=&#8221;initial&#8221; background_position=&#8221;top_left&#8221; background_repeat=&#8221;repeat&#8221;][et_pb_column type=&#8221;1_2&#8243; _builder_version=&#8221;3.0.47&#8243; padding_bottom=&#8221;5%&#8221; padding_top=&#8221;5%&#8221; parallax=&#8221;off&#8221; parallax_method=&#8221;on&#8221;][et_pb_text admin_label=&#8221;Number&#8221; _builder_version=&#8221;3.0.106&#8243; text_font=&#8221;Montserrat|on|||&#8221; text_font_size=&#8221;80px&#8221; text_text_color=&#8221;#fcd21d&#8221; text_line_height=&#8221;1em&#8221; background_size=&#8221;initial&#8221; background_position=&#8221;top_left&#8221; background_repeat=&#8221;repeat&#8221; animation_style=&#8221;slide&#8221; animation_direction=&#8221;bottom&#8221; animation_intensity_slide=&#8221;20%&#8221;]<\/p>\n<h2>Hallituksen j\u00e4sen<\/h2>\n<h1><\/h1>\n<h1><span style=\"color: #44a1d5;\">Markus H\u00e4m\u00e4l\u00e4inen<\/span><\/h1>\n<h5><\/h5>\n<h5>Box Consulting Oy<\/h5>\n<h5>Boxintie 640, 01190 Box<\/h5>\n<h5>Puh. + 358 (0) 40 833 4889<\/h5>\n<h5>S-Posti: info (at) bcoy.fi<\/h5>\n<h5><a href=\"http:\/\/www.bcoy.fi\/\" target=\"_blank\" rel=\"noopener\">www.bcoy.fi<\/a><\/h5>\n<p>[\/et_pb_text][\/et_pb_column][et_pb_column type=&#8221;1_2&#8243; _builder_version=&#8221;3.0.47&#8243; parallax=&#8221;off&#8221; parallax_method=&#8221;on&#8221;][et_pb_image src=&#8221;http:\/\/www.sipoonyrittajat.fi\/wp-content\/uploads\/2018\/05\/8730.jpg&#8221; _builder_version=&#8221;3.0.106&#8243; max_width=&#8221;74%&#8221; animation_style=&#8221;slide&#8221; animation_direction=&#8221;right&#8221; animation_intensity_slide=&#8221;10%&#8221; animation_starting_opacity=&#8221;100%&#8221;][\/et_pb_image][\/et_pb_column][\/et_pb_row][\/et_pb_section]<\/p>\n","protected":false},"excerpt":{"rendered":"<p>[et_pb_section fb_built=&#8221;1&#8243; background_color=&#8221;#44a1d5&#8243; admin_label=&#8221;Hero&#8221; _builder_version=&#8221;3.0.105&#8243; background_blend=&#8221;multiply&#8221; custom_padding=&#8221;|||&#8221; animation_style=&#8221;zoom&#8221; animation_intensity_zoom=&#8221;4%&#8221;][et_pb_row custom_padding=&#8221;|||&#8221; bg_img_2=&#8221;http:\/\/www.sipoonyrittajat.fi\/wp-content\/uploads\/2018\/03\/business-13.jpg&#8221; parallax_2=&#8221;on&#8221; _builder_version=&#8221;3.0.106&#8243; background_size=&#8221;initial&#8221; background_position=&#8221;top_left&#8221; background_repeat=&#8221;repeat&#8221; background_blend=&#8221;multiply&#8221; animation_style=&#8221;slide&#8221; animation_direction=&#8221;top&#8221; animation_intensity_slide=&#8221;3%&#8221;][et_pb_column type=&#8221;4_4&#8243; _builder_version=&#8221;3.0.47&#8243; parallax=&#8221;off&#8221; parallax_method=&#8221;on&#8221;][et_pb_text _builder_version=&#8221;3.0.83&#8243; text_font=&#8221;||||||||&#8221; header_font=&#8221;Montserrat|700||on|||||dotted&#8221; header_font_size=&#8221;60px&#8221; header_font_size_last_edited=&#8221;off|desktop&#8221; header_text_color=&#8221;#353740&#8243; header_line_height=&#8221;1.3em&#8221; background_size=&#8221;initial&#8221; background_position=&#8221;top_left&#8221; background_repeat=&#8221;repeat&#8221; custom_margin=&#8221;|||&#8221; animation_style=&#8221;fade&#8221; locked=&#8221;off&#8221;] Hallitus\u00a0 [\/et_pb_text][et_pb_divider show_divider=&#8221;on&#8221; divider_weight=&#8221;6px&#8221; disabled_on=&#8221;on|on|off%22&#8243; _builder_version=&#8221;3.0.105&#8243; max_width=&#8221;120px&#8221; animation_style=&#8221;slide&#8221; animation_direction=&#8221;top&#8221; animation_intensity_slide=&#8221;30%&#8221;][\/et_pb_divider][\/et_pb_column][\/et_pb_row][\/et_pb_section][et_pb_section fb_built=&#8221;1&#8243; admin_label=&#8221;Projects Section&#8221; _builder_version=&#8221;3.0.78&#8243; custom_margin=&#8221;|||&#8221; custom_padding=&#8221;110px||110px|&#8221;][et_pb_row custom_padding=&#8221;|||&#8221; padding_top_1=&#8221;5%&#8221; [&hellip;]<\/p>\n","protected":false},"author":1,"featured_media":0,"parent":0,"menu_order":0,"comment_status":"closed","ping_status":"closed","template":"","meta":{"_mi_skip_tracking":false,"_monsterinsights_sitenote_active":false,"_monsterinsights_sitenote_note":"","_monsterinsights_sitenote_category":0,"footnotes":""},"_links":{"self":[{"href":"https:\/\/www.sipoonyrittajat.fi\/fi\/wp-json\/wp\/v2\/pages\/20"}],"collection":[{"href":"https:\/\/www.sipoonyrittajat.fi\/fi\/wp-json\/wp\/v2\/pages"}],"about":[{"href":"https:\/\/www.sipoonyrittajat.fi\/fi\/wp-json\/wp\/v2\/types\/page"}],"author":[{"embeddable":true,"href":"https:\/\/www.sipoonyrittajat.fi\/fi\/wp-json\/wp\/v2\/users\/1"}],"replies":[{"embeddable":true,"href":"https:\/\/www.sipoonyrittajat.fi\/fi\/wp-json\/wp\/v2\/comments?post=20"}],"version-history":[{"count":30,"href":"https:\/\/www.sipoonyrittajat.fi\/fi\/wp-json\/wp\/v2\/pages\/20\/revisions"}],"predecessor-version":[{"id":667,"href":"https:\/\/www.sipoonyrittajat.fi\/fi\/wp-json\/wp\/v2\/pages\/20\/revisions\/667"}],"wp:attachment":[{"href":"https:\/\/www.sipoonyrittajat.fi\/fi\/wp-json\/wp\/v2\/media?parent=20"}],"curies":[{"name":"wp","href":"https:\/\/api.w.org\/{rel}","templated":true}]}}