{"id":562,"date":"2019-08-21T14:16:17","date_gmt":"2019-08-21T11:16:17","guid":{"rendered":"http:\/\/www.sipoonyrittajat.fi\/?page_id=562"},"modified":"2019-08-21T14:16:17","modified_gmt":"2019-08-21T11:16:17","slug":"liity-jaseneksi","status":"publish","type":"page","link":"https:\/\/www.sipoonyrittajat.fi\/fi\/yhdistys\/liity-jaseneksi\/","title":{"rendered":"Liity j\u00e4seneksi"},"content":{"rendered":"<p>[et_pb_section fb_built=&#8221;1&#8243; _builder_version=&#8221;3.0.47&#8243;][et_pb_row _builder_version=&#8221;3.0.47&#8243; background_size=&#8221;initial&#8221; background_position=&#8221;top_left&#8221; background_repeat=&#8221;repeat&#8221;][et_pb_column type=&#8221;1_2&#8243; _builder_version=&#8221;3.0.106&#8243; parallax=&#8221;off&#8221; parallax_method=&#8221;on&#8221;][et_pb_text _builder_version=&#8221;3.0.106&#8243;]<\/p>\n<p>Voit liitty\u00e4 j\u00e4seneksi Sipoon Yritt\u00e4jiin liittym\u00e4ll\u00e4 Suomen Yrittj\u00e4jiin ja valitsemalla paikallisyhdistykseksi Sibbo F\u00f6retagare rf &#8212; Sipoon Yritt\u00e4j\u00e4t ry.<\/p>\n<p>Liittyminen onnistuu sujuvasti oheisen linkin kautta.<\/p>\n<p><a title=\"Liity j\u00e4seneksi\" href=\"https:\/\/www.yrittajat.fi\/liity#\" target=\"_blank\" rel=\"noopener noreferrer\">www.yrittajat.fi\/<\/a><\/p>\n<p>[\/et_pb_text][\/et_pb_column][et_pb_column type=&#8221;1_2&#8243; _builder_version=&#8221;3.0.106&#8243; parallax=&#8221;off&#8221; parallax_method=&#8221;on&#8221;][\/et_pb_column][\/et_pb_row][\/et_pb_section]<\/p>\n","protected":false},"excerpt":{"rendered":"<p>[et_pb_section fb_built=&#8221;1&#8243; _builder_version=&#8221;3.0.47&#8243;][et_pb_row _builder_version=&#8221;3.0.47&#8243; background_size=&#8221;initial&#8221; background_position=&#8221;top_left&#8221; background_repeat=&#8221;repeat&#8221;][et_pb_column type=&#8221;1_2&#8243; _builder_version=&#8221;3.0.106&#8243; parallax=&#8221;off&#8221; parallax_method=&#8221;on&#8221;][et_pb_text _builder_version=&#8221;3.0.106&#8243;] Voit liitty\u00e4 j\u00e4seneksi Sipoon Yritt\u00e4jiin liittym\u00e4ll\u00e4 Suomen Yrittj\u00e4jiin ja valitsemalla paikallisyhdistykseksi Sibbo F\u00f6retagare rf &#8212; Sipoon Yritt\u00e4j\u00e4t ry. Liittyminen onnistuu sujuvasti oheisen linkin kautta. www.yrittajat.fi\/ [\/et_pb_text][\/et_pb_column][et_pb_column type=&#8221;1_2&#8243; _builder_version=&#8221;3.0.106&#8243; parallax=&#8221;off&#8221; parallax_method=&#8221;on&#8221;][\/et_pb_column][\/et_pb_row][\/et_pb_section]<\/p>\n","protected":false},"author":1,"featured_media":0,"parent":14,"menu_order":0,"comment_status":"closed","ping_status":"closed","template":"","meta":{"_mi_skip_tracking":false,"_monsterinsights_sitenote_active":false,"_monsterinsights_sitenote_note":"","_monsterinsights_sitenote_category":0,"footnotes":""},"_links":{"self":[{"href":"https:\/\/www.sipoonyrittajat.fi\/fi\/wp-json\/wp\/v2\/pages\/562"}],"collection":[{"href":"https:\/\/www.sipoonyrittajat.fi\/fi\/wp-json\/wp\/v2\/pages"}],"about":[{"href":"https:\/\/www.sipoonyrittajat.fi\/fi\/wp-json\/wp\/v2\/types\/page"}],"author":[{"embeddable":true,"href":"https:\/\/www.sipoonyrittajat.fi\/fi\/wp-json\/wp\/v2\/users\/1"}],"replies":[{"embeddable":true,"href":"https:\/\/www.sipoonyrittajat.fi\/fi\/wp-json\/wp\/v2\/comments?post=562"}],"version-history":[{"count":3,"href":"https:\/\/www.sipoonyrittajat.fi\/fi\/wp-json\/wp\/v2\/pages\/562\/revisions"}],"predecessor-version":[{"id":565,"href":"https:\/\/www.sipoonyrittajat.fi\/fi\/wp-json\/wp\/v2\/pages\/562\/revisions\/565"}],"up":[{"embeddable":true,"href":"https:\/\/www.sipoonyrittajat.fi\/fi\/wp-json\/wp\/v2\/pages\/14"}],"wp:attachment":[{"href":"https:\/\/www.sipoonyrittajat.fi\/fi\/wp-json\/wp\/v2\/media?parent=562"}],"curies":[{"name":"wp","href":"https:\/\/api.w.org\/{rel}","templated":true}]}}