{"id":61,"date":"2018-03-12T08:43:03","date_gmt":"2018-03-12T06:43:03","guid":{"rendered":"http:\/\/www.sipoonyrittajat.fi\/?page_id=61"},"modified":"2023-11-09T09:50:59","modified_gmt":"2023-11-09T07:50:59","slug":"uusi-etusivu","status":"publish","type":"page","link":"https:\/\/www.sipoonyrittajat.fi\/fi\/","title":{"rendered":"Sipoon Yritt\u00e4j\u00e4t ry."},"content":{"rendered":"<p>[et_pb_section fb_built=&#8221;1&#8243; admin_label=&#8221;Hero&#8221; _builder_version=&#8221;3.0.105&#8243; custom_margin=&#8221;0px|0px|0px|0px&#8221; custom_padding=&#8221;0px|0px|0px|0px&#8221; animation_style=&#8221;zoom&#8221; animation_intensity_zoom=&#8221;4%&#8221;][et_pb_row use_custom_width=&#8221;on&#8221; width_unit=&#8221;off&#8221; custom_width_percent=&#8221;100%&#8221; custom_padding=&#8221;0px|0px|0px|0px&#8221; custom_margin=&#8221;0px|0px|0px|0px&#8221; make_equal=&#8221;on&#8221; background_color=&#8221;#44a1d5&#8243; bg_img_2=&#8221;http:\/\/www.sipoonyrittajat.fi\/wp-content\/uploads\/2023\/11\/IMG_0933-scaled.jpg&#8221; padding_top_1=&#8221;50px&#8221; padding_right_1=&#8221;10%&#8221; padding_bottom_1=&#8221;50px&#8221; padding_left_1=&#8221;10%&#8221; padding_top_2=&#8221;0%&#8221; padding_right_2=&#8221;0%&#8221; padding_bottom_2=&#8221;0%&#8221; padding_left_2=&#8221;0%&#8221; parallax_method_2=&#8221;off&#8221; background_size_2=&#8221;cover&#8221; background_position_2=&#8221;top_center&#8221; background_repeat_2=&#8221;no-repeat&#8221; background_blend_2=&#8221;normal&#8221; _builder_version=&#8221;3.0.106&#8243; background_position=&#8221;top_left&#8221; background_repeat=&#8221;repeat&#8221; background_blend=&#8221;multiply&#8221; border_radii=&#8221;||||&#8221; module_alignment=&#8221;right&#8221; animation_direction=&#8221;top&#8221;][et_pb_column type=&#8221;1_2&#8243; _builder_version=&#8221;3.0.47&#8243; padding_bottom=&#8221;50px&#8221; padding_left=&#8221;10%&#8221; padding_right=&#8221;10%&#8221; padding_top=&#8221;50px&#8221; parallax=&#8221;off&#8221; parallax_method=&#8221;on&#8221;][et_pb_text _builder_version=&#8221;3.0.83&#8243; text_font=&#8221;Montserrat|500||on|||||&#8221; text_font_size=&#8221;16px&#8221; text_text_color=&#8221;#353740&#8243; text_letter_spacing=&#8221;3px&#8221; background_size=&#8221;initial&#8221; background_position=&#8221;top_left&#8221; background_repeat=&#8221;repeat&#8221; custom_margin=&#8221;||45px|&#8221; animation_style=&#8221;slide&#8221; animation_direction=&#8221;bottom&#8221; locked=&#8221;off&#8221;]Sipoon yritt\u00e4j\u00e4t &#8211; paikallisesti yritt\u00e4jille[\/et_pb_text][et_pb_text _builder_version=&#8221;3.0.83&#8243; text_font=&#8221;||||||||&#8221; header_font=&#8221;Montserrat|700||on|||||&#8221; header_font_size=&#8221;60px&#8221; header_font_size_last_edited=&#8221;off|desktop&#8221; header_text_color=&#8221;#f7f7f7&#8243; header_line_height=&#8221;1.3em&#8221; background_size=&#8221;initial&#8221; background_position=&#8221;top_left&#8221; background_repeat=&#8221;repeat&#8221; custom_margin=&#8221;||40px|&#8221; animation_style=&#8221;fade&#8221; locked=&#8221;off&#8221;]<\/p>\n<h1>SIPOON<br \/>\n<span style=\"color: #353740;\">YRITT\u00c4J\u00c4T<\/span><\/h1>\n<p>[\/et_pb_text][et_pb_text _builder_version=&#8221;3.0.83&#8243; text_font=&#8221;Montserrat||||&#8221; text_font_size=&#8221;20px&#8221; text_text_color=&#8221;#353740&#8243; text_line_height=&#8221;1.8em&#8221; header_font=&#8221;||||||||&#8221; background_size=&#8221;initial&#8221; background_position=&#8221;top_left&#8221; background_repeat=&#8221;repeat&#8221; custom_margin=&#8221;||50px|&#8221; animation_style=&#8221;slide&#8221; animation_direction=&#8221;top&#8221; animation_intensity_slide=&#8221;17%&#8221; locked=&#8221;off&#8221;]<\/p>\n<div><span style=\"color: #ffffff;\">Sipoon Yritt\u00e4j\u00e4t ry. toimii Sipoossa toimivien pienten ja keskisuurten yritysten ja yritt\u00e4jien edunvalvojana.\u00a0<\/span><\/div>\n<p>[\/et_pb_text][et_pb_button button_url=&#8221;https:\/\/www.yrittajat.fi\/paikallisyhdistykset\/sipoon-yrittajat\/sipoon-yrittajien-hallitus\/&#8221; button_text=&#8221;Ota yhteytt\u00e4&#8221; _builder_version=&#8221;3.0.106&#8243; custom_button=&#8221;on&#8221; button_text_color=&#8221;#ffffff&#8221; button_border_width=&#8221;4px&#8221; button_border_color=&#8221;#ffffff&#8221; button_border_radius=&#8221;100px&#8221; button_letter_spacing=&#8221;2px&#8221; button_font=&#8221;Montserrat|on||on|&#8221; button_icon=&#8221;%%36%%&#8221; button_text_color_hover=&#8221;#ffffff&#8221; button_bg_color_hover=&#8221;rgba(0,0,0,0)&#8221; button_border_color_hover=&#8221;#ffffff&#8221; button_letter_spacing_hover=&#8221;2px&#8221; animation_style=&#8221;fade&#8221; locked=&#8221;off&#8221;][\/et_pb_button][\/et_pb_column][et_pb_column type=&#8221;1_2&#8243; _builder_version=&#8221;3.0.47&#8243; padding_bottom=&#8221;0%&#8221; padding_left=&#8221;0%&#8221; padding_right=&#8221;0%&#8221; padding_top=&#8221;0%&#8221; bg_img=&#8221;http:\/\/www.sipoonyrittajat.fi\/wp-content\/uploads\/2023\/11\/IMG_0933-scaled.jpg&#8221; parallax=&#8221;off&#8221; parallax_method=&#8221;off&#8221; background_size=&#8221;cover&#8221; background_position=&#8221;top_center&#8221; background_repeat=&#8221;no-repeat&#8221; background_blend=&#8221;normal&#8221;][\/et_pb_column][\/et_pb_row][\/et_pb_section][et_pb_section fb_built=&#8221;1&#8243; background_color=&#8221;#f7f7f7&#8243; inner_shadow=&#8221;on&#8221; admin_label=&#8221;Latest Work Section&#8221; _builder_version=&#8221;3.0.105&#8243; custom_padding=&#8221;80px||80px|&#8221;][et_pb_row custom_margin=&#8221;||40px|&#8221; admin_label=&#8221;Service Section Title&#8221; _builder_version=&#8221;3.0.83&#8243; background_size=&#8221;initial&#8221; background_position=&#8221;top_left&#8221; background_repeat=&#8221;repeat&#8221; animation_style=&#8221;fade&#8221; animation_direction=&#8221;top&#8221; saved_tabs=&#8221;all&#8221;][et_pb_column type=&#8221;4_4&#8243; _builder_version=&#8221;3.0.47&#8243; parallax=&#8221;off&#8221; parallax_method=&#8221;on&#8221;][et_pb_text admin_label=&#8221;Title&#8221; _builder_version=&#8221;3.0.83&#8243; text_font=&#8221;Montserrat||||||||&#8221; text_font_size=&#8221;16px&#8221; text_text_color=&#8221;#747d88&#8243; text_line_height=&#8221;1.9em&#8221; header_font=&#8221;||||||||&#8221; header_2_font=&#8221;Montserrat|700||on|||||&#8221; header_2_font_size=&#8221;42px&#8221; header_2_line_height=&#8221;1.3em&#8221; background_size=&#8221;initial&#8221; background_position=&#8221;top_left&#8221; background_repeat=&#8221;repeat&#8221; text_orientation=&#8221;center&#8221; max_width=&#8221;700px&#8221; module_alignment=&#8221;center&#8221; animation_style=&#8221;slide&#8221; animation_direction=&#8221;bottom&#8221; animation_intensity_slide=&#8221;4%&#8221;]<\/p>\n<h2><strong><span style=\"font-family: inherit;\">Tuoreimmat uutiset<\/span><\/strong><\/h2>\n<p>[\/et_pb_text][et_pb_text admin_label=&#8221;Subtitle&#8221; _builder_version=&#8221;3.0.83&#8243; text_font=&#8221;Montserrat||||&#8221; text_font_size=&#8221;16px&#8221; text_text_color=&#8221;#747d88&#8243; text_line_height=&#8221;1.8em&#8221; header_font=&#8221;||||||||&#8221; background_size=&#8221;initial&#8221; background_position=&#8221;top_left&#8221; background_repeat=&#8221;repeat&#8221; text_orientation=&#8221;center&#8221; max_width=&#8221;700px&#8221; module_alignment=&#8221;center&#8221; custom_margin=&#8221;|||&#8221; animation_style=&#8221;slide&#8221; animation_direction=&#8221;bottom&#8221; animation_delay=&#8221;100ms&#8221; animation_intensity_slide=&#8221;4%&#8221;]<\/p>\n<p>Olemme siirtyneet osoitteeseen:<br \/><a href=\"https:\/\/www.yrittajat.fi\/paikallisyhdistykset\/sipoon-yrittajat\/\">https:\/\/www.yrittajat.fi\/paikallisyhdistykset\/sipoon-yrittajat\/<\/a><\/p>\n<p>[\/et_pb_text][\/et_pb_column][\/et_pb_row][et_pb_row _builder_version=&#8221;3.0.106&#8243; module_alignment=&#8221;center&#8221;][et_pb_column type=&#8221;4_4&#8243; _builder_version=&#8221;3.0.106&#8243; parallax=&#8221;off&#8221; parallax_method=&#8221;on&#8221;][et_pb_button button_url=&#8221;https:\/\/www.yrittajat.fi\/paikallisyhdistykset\/sipoon-yrittajat\/&#8221; button_text=&#8221;SIIRRY UUSILLE SIVUILLE&#8221; button_alignment=&#8221;center&#8221; _builder_version=&#8221;3.0.106&#8243;][\/et_pb_button][\/et_pb_column][\/et_pb_row][et_pb_row _builder_version=&#8221;3.0.106&#8243;][et_pb_column type=&#8221;4_4&#8243; _builder_version=&#8221;3.0.106&#8243; parallax=&#8221;off&#8221; parallax_method=&#8221;on&#8221;][et_pb_image _builder_version=&#8221;3.0.106&#8243;][\/et_pb_image][\/et_pb_column][\/et_pb_row][et_pb_row _builder_version=&#8221;3.0.105&#8243;][et_pb_column type=&#8221;4_4&#8243; _builder_version=&#8221;3.0.47&#8243; parallax=&#8221;off&#8221; parallax_method=&#8221;on&#8221;][et_pb_blog fullwidth=&#8221;off&#8221; posts_number=&#8221;3&#8243; show_more=&#8221;on&#8221; show_author=&#8221;off&#8221; show_date=&#8221;off&#8221; show_categories=&#8221;off&#8221; offset_number=&#8221;0&#8243; _builder_version=&#8221;3.0.106&#8243;][\/et_pb_blog][\/et_pb_column][\/et_pb_row][et_pb_row _builder_version=&#8221;3.0.76&#8243; background_size=&#8221;initial&#8221; background_position=&#8221;top_left&#8221; background_repeat=&#8221;repeat&#8221;][et_pb_column type=&#8221;4_4&#8243; _builder_version=&#8221;3.0.47&#8243; parallax=&#8221;off&#8221; parallax_method=&#8221;on&#8221;][et_pb_button button_url=&#8221;http:\/\/www.sipoonyrittajat.fi\/ajankohtaista&#8221; button_text=&#8221;uutisarkistoon&#8221; button_alignment=&#8221;center&#8221; _builder_version=&#8221;3.0.105&#8243; custom_button=&#8221;on&#8221; button_text_color=&#8221;#747d88&#8243; button_border_width=&#8221;4px&#8221; button_border_color=&#8221;#747d88&#8243; button_border_radius=&#8221;100px&#8221; button_letter_spacing=&#8221;2px&#8221; button_font=&#8221;Montserrat|on||on|&#8221; button_icon=&#8221;%%36%%&#8221; button_icon_color=&#8221;#747d88&#8243; button_text_color_hover=&#8221;#747d88&#8243; button_bg_color_hover=&#8221;rgba(0,0,0,0)&#8221; button_border_color_hover=&#8221;#747d88&#8243; button_letter_spacing_hover=&#8221;2px&#8221; animation_style=&#8221;flip&#8221; animation_direction=&#8221;right&#8221; animation_intensity_flip=&#8221;20%&#8221;][\/et_pb_button][\/et_pb_column][\/et_pb_row][\/et_pb_section][et_pb_section fb_built=&#8221;1&#8243; admin_label=&#8221;Service Section&#8221; _builder_version=&#8221;3.0.76&#8243; custom_margin=&#8221;|||&#8221; custom_padding=&#8221;110px||111px|&#8221;][et_pb_row admin_label=&#8221;Quote&#8221; _builder_version=&#8221;3.0.76&#8243; background_size=&#8221;initial&#8221; background_position=&#8221;top_left&#8221; background_repeat=&#8221;repeat&#8221;][et_pb_column type=&#8221;4_4&#8243; _builder_version=&#8221;3.0.47&#8243; parallax=&#8221;off&#8221; parallax_method=&#8221;on&#8221;][et_pb_text admin_label=&#8221;Quote&#8221; _builder_version=&#8221;3.0.82&#8243; text_font_size=&#8221;24px&#8221; text_text_color=&#8221;#747d88&#8243; text_line_height=&#8221;1.8em&#8221; background_size=&#8221;initial&#8221; background_position=&#8221;top_left&#8221; background_repeat=&#8221;repeat&#8221; text_orientation=&#8221;center&#8221; max_width=&#8221;700px&#8221; module_alignment=&#8221;center&#8221; animation_style=&#8221;flip&#8221; animation_direction=&#8221;top&#8221; animation_intensity_flip=&#8221;20%&#8221;]Yhdistyksen tarkoituksena on olla asiantuntijana ja vaikuttajana, parantaa yritysten ja yritt\u00e4jien kannattavan toiminnan edellytyksi\u00e4 Sipoossa sek\u00e4 toimia yritt\u00e4jien linkkin\u00e4 yhteyksiss\u00e4 kunnan p\u00e4\u00e4tt\u00e4jiin.[\/et_pb_text][\/et_pb_column][\/et_pb_row][et_pb_row custom_padding=&#8221;25px||25px|&#8221; make_equal=&#8221;on&#8221; admin_label=&#8221;Services&#8221; _builder_version=&#8221;3.0.83&#8243; background_size=&#8221;initial&#8221; background_position=&#8221;top_left&#8221; background_repeat=&#8221;repeat&#8221;][et_pb_column type=&#8221;1_3&#8243; _builder_version=&#8221;3.0.47&#8243; parallax=&#8221;off&#8221; parallax_method=&#8221;on&#8221;][et_pb_blurb title=&#8221;Koulutus&#8221; use_icon=&#8221;on&#8221; font_icon=&#8221;%%101%%&#8221; use_icon_font_size=&#8221;on&#8221; icon_font_size=&#8221;60px&#8221; _builder_version=&#8221;3.0.105&#8243; header_font=&#8221;Montserrat|on|||&#8221; header_font_size=&#8221;22px&#8221; header_text_color=&#8221;#353740&#8243; header_line_height=&#8221;1.4em&#8221; body_font=&#8221;Montserrat||||&#8221; body_font_size=&#8221;16px&#8221; body_text_color=&#8221;#747d88&#8243; body_line_height=&#8221;1.8em&#8221; background_size=&#8221;initial&#8221; background_position=&#8221;top_left&#8221; background_repeat=&#8221;repeat&#8221; border_width_all=&#8221;0px&#8221; border_color_all=&#8221;#dddddd&#8221; border_style_all=&#8221;solid&#8221; text_orientation=&#8221;center&#8221; custom_padding=&#8221;30px|30px|30px|30px&#8221; animation_style=&#8221;zoom&#8221; use_border_color=&#8221;on&#8221; border_color=&#8221;#dddddd&#8221; inline_fonts=&#8221;Titillium Web&#8221;]<span style=\"font-family: 'Titillium Web';\">Sipoon Yritt\u00e4j\u00e4t j\u00e4rjest\u00e4\u00e4 j\u00e4senilleen koulutus- ja luentotilaisuuksia yhteisty\u00f6ss\u00e4 Sipoon Kunnan ja paikallisten toimijoiden kanssa.\u00a0\u00a0<\/span>[\/et_pb_blurb][\/et_pb_column][et_pb_column type=&#8221;1_3&#8243; _builder_version=&#8221;3.0.47&#8243; parallax=&#8221;off&#8221; parallax_method=&#8221;on&#8221;][et_pb_blurb title=&#8221;Tiedotustoiminta&#8221; use_icon=&#8221;on&#8221; font_icon=&#8221;%%89%%&#8221; use_icon_font_size=&#8221;on&#8221; icon_font_size=&#8221;60px&#8221; _builder_version=&#8221;3.0.105&#8243; header_font=&#8221;Montserrat|on|||&#8221; header_font_size=&#8221;22px&#8221; header_text_color=&#8221;#353740&#8243; header_line_height=&#8221;1.4em&#8221; body_font=&#8221;Montserrat||||&#8221; body_font_size=&#8221;16px&#8221; body_text_color=&#8221;#747d88&#8243; body_line_height=&#8221;1.8em&#8221; background_size=&#8221;initial&#8221; background_position=&#8221;top_left&#8221; background_repeat=&#8221;repeat&#8221; border_width_all=&#8221;0px&#8221; border_color_all=&#8221;#dddddd&#8221; border_style_all=&#8221;solid&#8221; text_orientation=&#8221;center&#8221; custom_padding=&#8221;30px|30px|30px|30px&#8221; animation_style=&#8221;zoom&#8221; animation_delay=&#8221;100ms&#8221; use_border_color=&#8221;on&#8221; border_color=&#8221;#dddddd&#8221;]<span style=\"font-family: 'Titillium Web';\">Sipoon Yritt\u00e4j\u00e4t tiedottaa j\u00e4senist\u00f6\u00e4\u00e4n ajankohtaisista aiheista ja toimii \u00e4\u00e4nitorvena Sipoon Kunnan ja yritt\u00e4jien v\u00e4lill\u00e4.<\/span>[\/et_pb_blurb][\/et_pb_column][et_pb_column type=&#8221;1_3&#8243; _builder_version=&#8221;3.0.47&#8243; parallax=&#8221;off&#8221; parallax_method=&#8221;on&#8221;][et_pb_blurb title=&#8221;Yhteisty\u00f6&#8221; use_icon=&#8221;on&#8221; font_icon=&#8221;%%86%%&#8221; use_icon_font_size=&#8221;on&#8221; icon_font_size=&#8221;60px&#8221; _builder_version=&#8221;3.0.105&#8243; header_font=&#8221;Montserrat|on|||&#8221; header_font_size=&#8221;22px&#8221; header_text_color=&#8221;#353740&#8243; header_line_height=&#8221;1.4em&#8221; body_font=&#8221;Montserrat||||&#8221; body_font_size=&#8221;16px&#8221; body_text_color=&#8221;#747d88&#8243; body_line_height=&#8221;1.8em&#8221; background_size=&#8221;initial&#8221; background_position=&#8221;top_left&#8221; background_repeat=&#8221;repeat&#8221; border_width_all=&#8221;0px&#8221; border_color_all=&#8221;#dddddd&#8221; border_style_all=&#8221;solid&#8221; text_orientation=&#8221;center&#8221; custom_padding=&#8221;30px|30px|30px|30px&#8221; animation_style=&#8221;zoom&#8221; animation_delay=&#8221;200ms&#8221; use_border_color=&#8221;on&#8221; border_color=&#8221;#dddddd&#8221; inline_fonts=&#8221;Titillium Web&#8221;]<span style=\"font-family: 'Titillium Web';\">Sipoon Yritt\u00e4j\u00e4t tekee tiivist\u00e4 yhteisty\u00f6t\u00e4 Sipoon kunnan ja eri toimijoiden kanssa, j\u00e4senist\u00f6ns\u00e4 etujen mukaisesti.<\/span>[\/et_pb_blurb][\/et_pb_column][\/et_pb_row][\/et_pb_section][et_pb_section fb_built=&#8221;1&#8243; _builder_version=&#8221;3.0.105&#8243;][et_pb_row _builder_version=&#8221;3.0.105&#8243;][et_pb_column type=&#8221;4_4&#8243; _builder_version=&#8221;3.0.47&#8243; parallax=&#8221;off&#8221; parallax_method=&#8221;on&#8221;][et_pb_text admin_label=&#8221;Title&#8221; _builder_version=&#8221;3.0.83&#8243; text_font=&#8221;Montserrat||||||||&#8221; text_font_size=&#8221;16px&#8221; text_text_color=&#8221;#747d88&#8243; text_line_height=&#8221;1.9em&#8221; header_font=&#8221;||||||||&#8221; header_2_font=&#8221;Montserrat|700||on|||||&#8221; header_2_font_size=&#8221;42px&#8221; header_2_line_height=&#8221;1.3em&#8221; background_size=&#8221;initial&#8221; background_position=&#8221;top_left&#8221; background_repeat=&#8221;repeat&#8221; text_orientation=&#8221;center&#8221; max_width=&#8221;700px&#8221; module_alignment=&#8221;center&#8221; animation_style=&#8221;slide&#8221; animation_direction=&#8221;bottom&#8221; animation_intensity_slide=&#8221;4%&#8221;]<\/p>\n<h2>tukijat<\/h2>\n<p>[\/et_pb_text][et_pb_gallery gallery_ids=&#8221;213,217,218,219&#8243; gallery_orderby=&#8221;rand&#8221; gallery_captions=&#8221;Sipoon Kunta,Edupoli,It\u00e4-Uudenmaan Osuuspankki,Aktia&#8221; posts_number=&#8221;4&#8243; show_title_and_caption=&#8221;off&#8221; show_pagination=&#8221;off&#8221; _builder_version=&#8221;3.0.105&#8243; title_font=&#8221;||||||||&#8221; caption_font=&#8221;||||||||&#8221;][\/et_pb_gallery][\/et_pb_column][\/et_pb_row][\/et_pb_section][et_pb_section fb_built=&#8221;1&#8243; background_color=&#8221;#44a1d5&#8243; admin_label=&#8221;Contact Form Section&#8221; module_id=&#8221;otayhtetta&#8221; _builder_version=&#8221;3.0.105&#8243; custom_padding=&#8221;110px||110px|&#8221; animation_style=&#8221;zoom&#8221; animation_direction=&#8221;bottom&#8221; animation_duration=&#8221;1100ms&#8221; saved_tabs=&#8221;all&#8221;][et_pb_row custom_margin=&#8221;||40px|&#8221; admin_label=&#8221;Service Section Title&#8221; _builder_version=&#8221;3.0.83&#8243; animation_style=&#8221;fade&#8221; animation_direction=&#8221;top&#8221; locked=&#8221;off&#8221;][et_pb_column type=&#8221;4_4&#8243; _builder_version=&#8221;3.0.47&#8243; parallax=&#8221;off&#8221; parallax_method=&#8221;on&#8221;][et_pb_text admin_label=&#8221;Title&#8221; _builder_version=&#8221;3.0.83&#8243; text_font=&#8221;Montserrat||||||||&#8221; text_font_size=&#8221;16px&#8221; text_text_color=&#8221;#747d88&#8243; text_line_height=&#8221;1.9em&#8221; header_font=&#8221;||||||||&#8221; header_2_font=&#8221;Montserrat|700||on|||||&#8221; header_2_font_size=&#8221;42px&#8221; header_2_line_height=&#8221;1.3em&#8221; background_size=&#8221;initial&#8221; background_position=&#8221;top_left&#8221; background_repeat=&#8221;repeat&#8221; text_orientation=&#8221;center&#8221; max_width=&#8221;700px&#8221; module_alignment=&#8221;center&#8221; animation_style=&#8221;slide&#8221; animation_direction=&#8221;bottom&#8221; animation_intensity_slide=&#8221;4%&#8221;]<\/p>\n<h2><span style=\"color: #fff;\">Ota yhteytt\u00e4\u00a0<\/span><\/h2>\n<p>[\/et_pb_text][et_pb_text admin_label=&#8221;Subtitle&#8221; _builder_version=&#8221;3.0.83&#8243; text_font=&#8221;Montserrat||||&#8221; text_font_size=&#8221;16px&#8221; text_text_color=&#8221;#353740&#8243; text_line_height=&#8221;1.8em&#8221; header_font=&#8221;||||||||&#8221; background_size=&#8221;initial&#8221; background_position=&#8221;top_left&#8221; background_repeat=&#8221;repeat&#8221; text_orientation=&#8221;center&#8221; max_width=&#8221;700px&#8221; module_alignment=&#8221;center&#8221; custom_margin=&#8221;|||&#8221; animation_style=&#8221;slide&#8221; animation_direction=&#8221;bottom&#8221; animation_delay=&#8221;100ms&#8221; animation_intensity_slide=&#8221;4%&#8221;]Onko sinulla kysytt\u00e4v\u00e4\u00e4 toiminnastamme? L\u00e4het\u00e4 viesti alla olevalla lomakkeella.[\/et_pb_text][\/et_pb_column][\/et_pb_row][et_pb_row admin_label=&#8221;Contact Form&#8221; _builder_version=&#8221;3.0.105&#8243; animation_style=&#8221;fade&#8221;][et_pb_column type=&#8221;4_4&#8243; _builder_version=&#8221;3.0.47&#8243; parallax=&#8221;off&#8221; parallax_method=&#8221;on&#8221;][et_pb_contact_form captcha=&#8221;off&#8221; email=&#8221;nette@sipoonsyke.fi&#8221; success_message=&#8221;Kiitos yhteydenotosta!&#8221; submit_button_text=&#8221;L\u00e4het\u00e4&#8221; form_background_color=&#8221;rgba(255,255,255,0)&#8221; module_id=&#8221;et_pb_contact_form_0&#8243; _builder_version=&#8221;3.0.106&#8243; form_field_font=&#8221;Montserrat||||&#8221; form_field_font_size=&#8221;16px&#8221; form_field_text_color=&#8221;#353740&#8243; max_width=&#8221;800px&#8221; module_alignment=&#8221;center&#8221; custom_button=&#8221;on&#8221; button_text_color=&#8221;#ffffff&#8221; button_border_width=&#8221;5px&#8221; button_border_color=&#8221;#ffffff&#8221; button_border_radius=&#8221;100px&#8221; button_letter_spacing=&#8221;2px&#8221; button_font=&#8221;Montserrat|on||on|&#8221; button_icon=&#8221;%%36%%&#8221; button_icon_color=&#8221;#ffffff&#8221; button_text_color_hover=&#8221;#ffffff&#8221; button_bg_color_hover=&#8221;rgba(0,0,0,0)&#8221; button_border_color_hover=&#8221;#ffffff&#8221; button_letter_spacing_hover=&#8221;2px&#8221; animation_style=&#8221;fade&#8221; box_shadow_style=&#8221;preset7&#8243; box_shadow_horizontal=&#8221;0px&#8221; box_shadow_vertical=&#8221;-1px&#8221; box_shadow_color=&#8221;rgba(0,0,0,0.18)&#8221;][et_pb_contact_field field_id=&#8221;Name&#8221; field_title=&#8221;Nimesi&#8221; fullwidth_field=&#8221;on&#8221; _builder_version=&#8221;3.0.105&#8243; border_radii=&#8221;on||||&#8221;][\/et_pb_contact_field][et_pb_contact_field field_id=&#8221;Email&#8221; field_title=&#8221;S\u00e4hk\u00f6postiosoitteesi&#8221; field_type=&#8221;email&#8221; fullwidth_field=&#8221;on&#8221; _builder_version=&#8221;3.0.106&#8243; border_radii=&#8221;on||||&#8221;][\/et_pb_contact_field][et_pb_contact_field field_id=&#8221;Company&#8221; field_title=&#8221;Yrityksesi&#8221; fullwidth_field=&#8221;on&#8221; _builder_version=&#8221;3.0.105&#8243; border_radii=&#8221;on||||&#8221;][\/et_pb_contact_field][et_pb_contact_field field_id=&#8221;Message&#8221; field_title=&#8221;Viestisi&#8221; field_type=&#8221;text&#8221; fullwidth_field=&#8221;on&#8221; _builder_version=&#8221;3.0.105&#8243; border_radii=&#8221;on||||&#8221; custom_margin=&#8221;||60px|&#8221; custom_padding=&#8221;|||&#8221;][\/et_pb_contact_field][\/et_pb_contact_form][\/et_pb_column][\/et_pb_row][\/et_pb_section]<\/p>\n","protected":false},"excerpt":{"rendered":"<p>[et_pb_section fb_built=&#8221;1&#8243; admin_label=&#8221;Hero&#8221; _builder_version=&#8221;3.0.105&#8243; custom_margin=&#8221;0px|0px|0px|0px&#8221; custom_padding=&#8221;0px|0px|0px|0px&#8221; animation_style=&#8221;zoom&#8221; animation_intensity_zoom=&#8221;4%&#8221;][et_pb_row use_custom_width=&#8221;on&#8221; width_unit=&#8221;off&#8221; custom_width_percent=&#8221;100%&#8221; custom_padding=&#8221;0px|0px|0px|0px&#8221; custom_margin=&#8221;0px|0px|0px|0px&#8221; make_equal=&#8221;on&#8221; background_color=&#8221;#44a1d5&#8243; bg_img_2=&#8221;http:\/\/www.sipoonyrittajat.fi\/wp-content\/uploads\/2023\/11\/IMG_0933-scaled.jpg&#8221; padding_top_1=&#8221;50px&#8221; padding_right_1=&#8221;10%&#8221; padding_bottom_1=&#8221;50px&#8221; padding_left_1=&#8221;10%&#8221; padding_top_2=&#8221;0%&#8221; padding_right_2=&#8221;0%&#8221; padding_bottom_2=&#8221;0%&#8221; padding_left_2=&#8221;0%&#8221; parallax_method_2=&#8221;off&#8221; background_size_2=&#8221;cover&#8221; background_position_2=&#8221;top_center&#8221; background_repeat_2=&#8221;no-repeat&#8221; background_blend_2=&#8221;normal&#8221; _builder_version=&#8221;3.0.106&#8243; background_position=&#8221;top_left&#8221; background_repeat=&#8221;repeat&#8221; background_blend=&#8221;multiply&#8221; border_radii=&#8221;||||&#8221; module_alignment=&#8221;right&#8221; animation_direction=&#8221;top&#8221;][et_pb_column type=&#8221;1_2&#8243; _builder_version=&#8221;3.0.47&#8243; padding_bottom=&#8221;50px&#8221; padding_left=&#8221;10%&#8221; padding_right=&#8221;10%&#8221; padding_top=&#8221;50px&#8221; parallax=&#8221;off&#8221; parallax_method=&#8221;on&#8221;][et_pb_text _builder_version=&#8221;3.0.83&#8243; text_font=&#8221;Montserrat|500||on|||||&#8221; text_font_size=&#8221;16px&#8221; text_text_color=&#8221;#353740&#8243; text_letter_spacing=&#8221;3px&#8221; background_size=&#8221;initial&#8221; background_position=&#8221;top_left&#8221; background_repeat=&#8221;repeat&#8221; custom_margin=&#8221;||45px|&#8221; animation_style=&#8221;slide&#8221; animation_direction=&#8221;bottom&#8221; [&hellip;]<\/p>\n","protected":false},"author":1,"featured_media":0,"parent":0,"menu_order":0,"comment_status":"closed","ping_status":"closed","template":"","meta":{"_mi_skip_tracking":false,"_monsterinsights_sitenote_active":false,"_monsterinsights_sitenote_note":"","_monsterinsights_sitenote_category":0,"footnotes":""},"_links":{"self":[{"href":"https:\/\/www.sipoonyrittajat.fi\/fi\/wp-json\/wp\/v2\/pages\/61"}],"collection":[{"href":"https:\/\/www.sipoonyrittajat.fi\/fi\/wp-json\/wp\/v2\/pages"}],"about":[{"href":"https:\/\/www.sipoonyrittajat.fi\/fi\/wp-json\/wp\/v2\/types\/page"}],"author":[{"embeddable":true,"href":"https:\/\/www.sipoonyrittajat.fi\/fi\/wp-json\/wp\/v2\/users\/1"}],"replies":[{"embeddable":true,"href":"https:\/\/www.sipoonyrittajat.fi\/fi\/wp-json\/wp\/v2\/comments?post=61"}],"version-history":[{"count":40,"href":"https:\/\/www.sipoonyrittajat.fi\/fi\/wp-json\/wp\/v2\/pages\/61\/revisions"}],"predecessor-version":[{"id":891,"href":"https:\/\/www.sipoonyrittajat.fi\/fi\/wp-json\/wp\/v2\/pages\/61\/revisions\/891"}],"wp:attachment":[{"href":"https:\/\/www.sipoonyrittajat.fi\/fi\/wp-json\/wp\/v2\/media?parent=61"}],"curies":[{"name":"wp","href":"https:\/\/api.w.org\/{rel}","templated":true}]}}